{"id":1218,"date":"2024-08-14T14:23:28","date_gmt":"2024-08-14T14:23:28","guid":{"rendered":"https:\/\/pare-kitchen.com\/?page_id=1218"},"modified":"2025-12-16T19:04:32","modified_gmt":"2025-12-16T19:04:32","slug":"blog","status":"publish","type":"page","link":"https:\/\/pare-kitchen.com\/en\/blog\/","title":{"rendered":"Blog"},"content":{"rendered":"<div data-elementor-type=\"wp-page\" data-elementor-id=\"1218\" class=\"elementor elementor-1218\" data-elementor-post-type=\"page\">\n\t\t\t\t<div class=\"elementor-element elementor-element-fa03bc7 e-flex e-con-boxed e-con e-parent\" data-id=\"fa03bc7\" data-element_type=\"container\" data-settings=\"{&quot;background_background&quot;:&quot;classic&quot;}\">\n\t\t\t\t\t<div class=\"e-con-inner\">\n\t\t<div class=\"elementor-element elementor-element-ebbf807 e-con-full e-flex e-con e-child\" data-id=\"ebbf807\" data-element_type=\"container\" data-settings=\"{&quot;background_background&quot;:&quot;classic&quot;}\">\n\t\t\t\t<div class=\"elementor-element elementor-element-24541bf elementor-widget elementor-widget-heading\" data-id=\"24541bf\" data-element_type=\"widget\" data-widget_type=\"heading.default\">\n\t\t\t\t<div class=\"elementor-widget-container\">\n\t\t\t\t\t<h1 class=\"elementor-heading-title elementor-size-default\">What we do and love, explained in our blog<\/h1>\t\t\t\t<\/div>\n\t\t\t\t<\/div>\n\t\t\t\t<\/div>\n\t\t\t\t\t<\/div>\n\t\t\t\t<\/div>\n\t\t<div class=\"elementor-element elementor-element-aed9222 e-flex e-con-boxed e-con e-parent\" data-id=\"aed9222\" data-element_type=\"container\" data-settings=\"{&quot;background_background&quot;:&quot;classic&quot;}\">\n\t\t\t\t\t<div class=\"e-con-inner\">\n\t\t<div class=\"elementor-element elementor-element-f9c7c03 e-grid e-con-full e-con e-child\" data-id=\"f9c7c03\" data-element_type=\"container\">\n\t\t\t\t<div class=\"elementor-element elementor-element-9d1e1b9 elementor-position-top elementor-widget elementor-widget-image-box\" data-id=\"9d1e1b9\" data-element_type=\"widget\" data-widget_type=\"image-box.default\">\n\t\t\t\t<div class=\"elementor-widget-container\">\n\t\t\t\t\t<div class=\"elementor-image-box-wrapper\"><figure class=\"elementor-image-box-img\"><a href=\"https:\/\/pare-kitchen.com\/en\/unser-neuer-flagship-store-chemnitz\/\" tabindex=\"-1\"><img fetchpriority=\"high\" decoding=\"async\" width=\"1024\" height=\"670\" src=\"https:\/\/pare-kitchen.com\/wp-content\/uploads\/2025\/11\/image-20.webp\" class=\"attachment-full size-full wp-image-2563\" alt=\"Pare Kitchens neuer Flagshipstore in Chemnitz\" srcset=\"https:\/\/pare-kitchen.com\/wp-content\/uploads\/2025\/11\/image-20.webp 1024w, https:\/\/pare-kitchen.com\/wp-content\/uploads\/2025\/11\/image-20-300x196.webp 300w, https:\/\/pare-kitchen.com\/wp-content\/uploads\/2025\/11\/image-20-768x503.webp 768w, https:\/\/pare-kitchen.com\/wp-content\/uploads\/2025\/11\/image-20-18x12.webp 18w\" sizes=\"(max-width: 1024px) 100vw, 1024px\" \/><\/a><\/figure><div class=\"elementor-image-box-content\"><h4 class=\"elementor-image-box-title\"><a href=\"https:\/\/pare-kitchen.com\/en\/unser-neuer-flagship-store-chemnitz\/\">New flagship store in Chemnitz<\/a><\/h4><p class=\"elementor-image-box-description\">PaRe-Kitchen is opening a new flagship store in Chemnitz in the first quarter of 2026 together with Rollo Voigt and Flammkraft.<\/p><\/div><\/div>\t\t\t\t<\/div>\n\t\t\t\t<\/div>\n\t\t\t\t<div class=\"elementor-element elementor-element-0fc00c7 elementor-position-top elementor-widget elementor-widget-image-box\" data-id=\"0fc00c7\" data-element_type=\"widget\" data-widget_type=\"image-box.default\">\n\t\t\t\t<div class=\"elementor-widget-container\">\n\t\t\t\t\t<div class=\"elementor-image-box-wrapper\"><figure class=\"elementor-image-box-img\"><a href=\"https:\/\/pare-kitchen.com\/en\/pare-kitchen-auf-mallorca\/\" tabindex=\"-1\"><img decoding=\"async\" width=\"1024\" height=\"670\" src=\"https:\/\/pare-kitchen.com\/wp-content\/uploads\/2025\/11\/pare-blog-mallorca.webp\" class=\"attachment-full size-full wp-image-2551\" alt=\"Outdoork\u00fcche unter Palmen auf Mallorca\" srcset=\"https:\/\/pare-kitchen.com\/wp-content\/uploads\/2025\/11\/pare-blog-mallorca.webp 1024w, https:\/\/pare-kitchen.com\/wp-content\/uploads\/2025\/11\/pare-blog-mallorca-300x196.webp 300w, https:\/\/pare-kitchen.com\/wp-content\/uploads\/2025\/11\/pare-blog-mallorca-768x503.webp 768w, https:\/\/pare-kitchen.com\/wp-content\/uploads\/2025\/11\/pare-blog-mallorca-18x12.webp 18w\" sizes=\"(max-width: 1024px) 100vw, 1024px\" \/><\/a><\/figure><div class=\"elementor-image-box-content\"><h4 class=\"elementor-image-box-title\"><a href=\"https:\/\/pare-kitchen.com\/en\/pare-kitchen-auf-mallorca\/\">PaR\u00e9 Kitchen in Mallorca<\/a><\/h4><p class=\"elementor-image-box-description\">We are delighted to present our first PaR\u00e9 Kitchen on the beautiful island of Mallorca!<\/p><\/div><\/div>\t\t\t\t<\/div>\n\t\t\t\t<\/div>\n\t\t\t\t<div class=\"elementor-element elementor-element-50c33ef elementor-position-top elementor-widget elementor-widget-image-box\" data-id=\"50c33ef\" data-element_type=\"widget\" data-widget_type=\"image-box.default\">\n\t\t\t\t<div class=\"elementor-widget-container\">\n\t\t\t\t\t<div class=\"elementor-image-box-wrapper\"><figure class=\"elementor-image-box-img\"><a href=\"https:\/\/pare-kitchen.com\/en\/holzfronten-aus-hochwertigem-ipe-holz\/\" tabindex=\"-1\"><img decoding=\"async\" width=\"1024\" height=\"670\" src=\"https:\/\/pare-kitchen.com\/wp-content\/uploads\/2025\/11\/pare-blog-ipe-holz.webp\" class=\"attachment-full size-full wp-image-2550\" alt=\"Eine Outdoork\u00fcche von PAre Kitchen aus IPE Holz\" srcset=\"https:\/\/pare-kitchen.com\/wp-content\/uploads\/2025\/11\/pare-blog-ipe-holz.webp 1024w, https:\/\/pare-kitchen.com\/wp-content\/uploads\/2025\/11\/pare-blog-ipe-holz-300x196.webp 300w, https:\/\/pare-kitchen.com\/wp-content\/uploads\/2025\/11\/pare-blog-ipe-holz-768x503.webp 768w, https:\/\/pare-kitchen.com\/wp-content\/uploads\/2025\/11\/pare-blog-ipe-holz-18x12.webp 18w\" sizes=\"(max-width: 1024px) 100vw, 1024px\" \/><\/a><\/figure><div class=\"elementor-image-box-content\"><h4 class=\"elementor-image-box-title\"><a href=\"https:\/\/pare-kitchen.com\/en\/holzfronten-aus-hochwertigem-ipe-holz\/\">Wooden fronts made from high-quality IPE wood<\/a><\/h4><p class=\"elementor-image-box-description\">Our latest series brings you a stunning combination of fine IPE wood and modern Dekton countertops.<\/p><\/div><\/div>\t\t\t\t<\/div>\n\t\t\t\t<\/div>\n\t\t\t\t<div class=\"elementor-element elementor-element-ca25c1d elementor-position-top elementor-widget elementor-widget-image-box\" data-id=\"ca25c1d\" data-element_type=\"widget\" data-widget_type=\"image-box.default\">\n\t\t\t\t<div class=\"elementor-widget-container\">\n\t\t\t\t\t<div class=\"elementor-image-box-wrapper\"><figure class=\"elementor-image-box-img\"><a href=\"https:\/\/pare-kitchen.com\/en\/die-renson-linarte\/\" tabindex=\"-1\"><img loading=\"lazy\" decoding=\"async\" width=\"1024\" height=\"670\" src=\"https:\/\/pare-kitchen.com\/wp-content\/uploads\/2025\/11\/pare-blog-renson-linarte.webp\" class=\"attachment-full size-full wp-image-2555\" alt=\"Eine Outdoork\u00fcche in der Renson Linarte\" srcset=\"https:\/\/pare-kitchen.com\/wp-content\/uploads\/2025\/11\/pare-blog-renson-linarte.webp 1024w, https:\/\/pare-kitchen.com\/wp-content\/uploads\/2025\/11\/pare-blog-renson-linarte-300x196.webp 300w, https:\/\/pare-kitchen.com\/wp-content\/uploads\/2025\/11\/pare-blog-renson-linarte-768x503.webp 768w, https:\/\/pare-kitchen.com\/wp-content\/uploads\/2025\/11\/pare-blog-renson-linarte-18x12.webp 18w\" sizes=\"(max-width: 1024px) 100vw, 1024px\" \/><\/a><\/figure><div class=\"elementor-image-box-content\"><h4 class=\"elementor-image-box-title\"><a href=\"https:\/\/pare-kitchen.com\/en\/die-renson-linarte\/\">Renson Linarte<\/a><\/h4><p class=\"elementor-image-box-description\">Discover Renson Linarte as the perfect solution for your kitchen splashback!<\/p><\/div><\/div>\t\t\t\t<\/div>\n\t\t\t\t<\/div>\n\t\t\t\t<div class=\"elementor-element elementor-element-bba21b3 elementor-position-top elementor-widget elementor-widget-image-box\" data-id=\"bba21b3\" data-element_type=\"widget\" data-widget_type=\"image-box.default\">\n\t\t\t\t<div class=\"elementor-widget-container\">\n\t\t\t\t\t<div class=\"elementor-image-box-wrapper\"><figure class=\"elementor-image-box-img\"><a href=\"https:\/\/pare-kitchen.com\/en\/unser-montageteam\/\" tabindex=\"-1\"><img loading=\"lazy\" decoding=\"async\" width=\"1024\" height=\"670\" src=\"https:\/\/pare-kitchen.com\/wp-content\/uploads\/2025\/11\/pare-blog-montage-team.webp\" class=\"attachment-full size-full wp-image-2554\" alt=\"Ein Montage Mitarbeiter beim Auspacken eines Kartons\" srcset=\"https:\/\/pare-kitchen.com\/wp-content\/uploads\/2025\/11\/pare-blog-montage-team.webp 1024w, https:\/\/pare-kitchen.com\/wp-content\/uploads\/2025\/11\/pare-blog-montage-team-300x196.webp 300w, https:\/\/pare-kitchen.com\/wp-content\/uploads\/2025\/11\/pare-blog-montage-team-768x503.webp 768w, https:\/\/pare-kitchen.com\/wp-content\/uploads\/2025\/11\/pare-blog-montage-team-18x12.webp 18w\" sizes=\"(max-width: 1024px) 100vw, 1024px\" \/><\/a><\/figure><div class=\"elementor-image-box-content\"><h4 class=\"elementor-image-box-title\"><a href=\"https:\/\/pare-kitchen.com\/en\/unser-montageteam\/\">Our installation team<\/a><\/h4><p class=\"elementor-image-box-description\">Our experienced installation team is at your service throughout Germany and Mallorca.<\/p><\/div><\/div>\t\t\t\t<\/div>\n\t\t\t\t<\/div>\n\t\t\t\t<div class=\"elementor-element elementor-element-64d7f52 elementor-position-top elementor-widget elementor-widget-image-box\" data-id=\"64d7f52\" data-element_type=\"widget\" data-widget_type=\"image-box.default\">\n\t\t\t\t<div class=\"elementor-widget-container\">\n\t\t\t\t\t<div class=\"elementor-image-box-wrapper\"><figure class=\"elementor-image-box-img\"><a href=\"https:\/\/pare-kitchen.com\/en\/maenner-grill-meine-perfekte-outdoorkueche\/\" tabindex=\"-1\"><img loading=\"lazy\" decoding=\"async\" width=\"1024\" height=\"670\" src=\"https:\/\/pare-kitchen.com\/wp-content\/uploads\/2025\/11\/pare-blog-maennergrillen.webp\" class=\"attachment-full size-full wp-image-2552\" alt=\"Meine perfekte Outdoork\u00fcche von Pare Kitchen\" srcset=\"https:\/\/pare-kitchen.com\/wp-content\/uploads\/2025\/11\/pare-blog-maennergrillen.webp 1024w, https:\/\/pare-kitchen.com\/wp-content\/uploads\/2025\/11\/pare-blog-maennergrillen-300x196.webp 300w, https:\/\/pare-kitchen.com\/wp-content\/uploads\/2025\/11\/pare-blog-maennergrillen-768x503.webp 768w, https:\/\/pare-kitchen.com\/wp-content\/uploads\/2025\/11\/pare-blog-maennergrillen-18x12.webp 18w\" sizes=\"(max-width: 1024px) 100vw, 1024px\" \/><\/a><\/figure><div class=\"elementor-image-box-content\"><h4 class=\"elementor-image-box-title\"><a href=\"https:\/\/pare-kitchen.com\/en\/maenner-grill-meine-perfekte-outdoorkueche\/\">Men's grill<\/a><\/h4><p class=\"elementor-image-box-description\">Today, I am delighted to present my brilliant outdoor kitchen! Top-quality materials, great functionality, and a visual highlight.<\/p><\/div><\/div>\t\t\t\t<\/div>\n\t\t\t\t<\/div>\n\t\t\t\t<div class=\"elementor-element elementor-element-1da65db elementor-position-top elementor-widget elementor-widget-image-box\" data-id=\"1da65db\" data-element_type=\"widget\" data-widget_type=\"image-box.default\">\n\t\t\t\t<div class=\"elementor-widget-container\">\n\t\t\t\t\t<div class=\"elementor-image-box-wrapper\"><figure class=\"elementor-image-box-img\"><a href=\"https:\/\/pare-kitchen.com\/en\/rueckwand-gestaltung\/\" tabindex=\"-1\"><img loading=\"lazy\" decoding=\"async\" width=\"1024\" height=\"670\" src=\"https:\/\/pare-kitchen.com\/wp-content\/uploads\/2025\/11\/pare-blog-individuelle-rueckwandgestalltung.webp\" class=\"attachment-full size-full wp-image-2549\" alt=\"Eine Outdork\u00fcche vor einem Supermario Wandtattoo\" srcset=\"https:\/\/pare-kitchen.com\/wp-content\/uploads\/2025\/11\/pare-blog-individuelle-rueckwandgestalltung.webp 1024w, https:\/\/pare-kitchen.com\/wp-content\/uploads\/2025\/11\/pare-blog-individuelle-rueckwandgestalltung-300x196.webp 300w, https:\/\/pare-kitchen.com\/wp-content\/uploads\/2025\/11\/pare-blog-individuelle-rueckwandgestalltung-768x503.webp 768w, https:\/\/pare-kitchen.com\/wp-content\/uploads\/2025\/11\/pare-blog-individuelle-rueckwandgestalltung-18x12.webp 18w\" sizes=\"(max-width: 1024px) 100vw, 1024px\" \/><\/a><\/figure><div class=\"elementor-image-box-content\"><h4 class=\"elementor-image-box-title\"><a href=\"https:\/\/pare-kitchen.com\/en\/rueckwand-gestaltung\/\">Individual back panel design<\/a><\/h4><p class=\"elementor-image-box-description\">Carina Felicia designs our kitchens individually according to customer requirements.<\/p><\/div><\/div>\t\t\t\t<\/div>\n\t\t\t\t<\/div>\n\t\t\t\t<div class=\"elementor-element elementor-element-ef90a82 elementor-position-top elementor-widget elementor-widget-image-box\" data-id=\"ef90a82\" data-element_type=\"widget\" data-widget_type=\"image-box.default\">\n\t\t\t\t<div class=\"elementor-widget-container\">\n\t\t\t\t\t<div class=\"elementor-image-box-wrapper\"><figure class=\"elementor-image-box-img\"><a href=\"https:\/\/pare-kitchen.com\/en\/modulares-design\/\" tabindex=\"-1\"><img loading=\"lazy\" decoding=\"async\" width=\"1024\" height=\"670\" src=\"https:\/\/pare-kitchen.com\/wp-content\/uploads\/2025\/11\/pare-blog-modulares-design.webp\" class=\"attachment-full size-full wp-image-2553\" alt=\"Autdoork\u00fcche vor einem gedeckten Tisch\" srcset=\"https:\/\/pare-kitchen.com\/wp-content\/uploads\/2025\/11\/pare-blog-modulares-design.webp 1024w, https:\/\/pare-kitchen.com\/wp-content\/uploads\/2025\/11\/pare-blog-modulares-design-300x196.webp 300w, https:\/\/pare-kitchen.com\/wp-content\/uploads\/2025\/11\/pare-blog-modulares-design-768x503.webp 768w, https:\/\/pare-kitchen.com\/wp-content\/uploads\/2025\/11\/pare-blog-modulares-design-18x12.webp 18w\" sizes=\"(max-width: 1024px) 100vw, 1024px\" \/><\/a><\/figure><div class=\"elementor-image-box-content\"><h4 class=\"elementor-image-box-title\"><a href=\"https:\/\/pare-kitchen.com\/en\/modulares-design\/\">Modular design<\/a><\/h4><p class=\"elementor-image-box-description\">Your personalized barbecue kitchen can be expanded with new modules at any time. Individual requests can also be accommodated.<\/p><\/div><\/div>\t\t\t\t<\/div>\n\t\t\t\t<\/div>\n\t\t\t\t<div class=\"elementor-element elementor-element-50a5062 elementor-position-top elementor-widget elementor-widget-image-box\" data-id=\"50a5062\" data-element_type=\"widget\" data-widget_type=\"image-box.default\">\n\t\t\t\t<div class=\"elementor-widget-container\">\n\t\t\t\t\t<div class=\"elementor-image-box-wrapper\"><figure class=\"elementor-image-box-img\"><a href=\"https:\/\/pare-kitchen.com\/en\/outdoor-grillkueche-traum-in-erfuellung-gegangen-thomas-aus-berlin-mit-seiner-einzigartigen-konfiguration\/\" tabindex=\"-1\"><img loading=\"lazy\" decoding=\"async\" width=\"1024\" height=\"670\" src=\"https:\/\/pare-kitchen.com\/wp-content\/uploads\/2025\/11\/pare-blog-berlin.webp\" class=\"attachment-full size-full wp-image-2548\" alt=\"Outdoork\u00fcche in Berlin, bei D\u00e4mmerung\" srcset=\"https:\/\/pare-kitchen.com\/wp-content\/uploads\/2025\/11\/pare-blog-berlin.webp 1024w, https:\/\/pare-kitchen.com\/wp-content\/uploads\/2025\/11\/pare-blog-berlin-300x196.webp 300w, https:\/\/pare-kitchen.com\/wp-content\/uploads\/2025\/11\/pare-blog-berlin-768x503.webp 768w, https:\/\/pare-kitchen.com\/wp-content\/uploads\/2025\/11\/pare-blog-berlin-18x12.webp 18w\" sizes=\"(max-width: 1024px) 100vw, 1024px\" \/><\/a><\/figure><div class=\"elementor-image-box-content\"><h4 class=\"elementor-image-box-title\"><a href=\"https:\/\/pare-kitchen.com\/en\/outdoor-grillkueche-traum-in-erfuellung-gegangen-thomas-aus-berlin-mit-seiner-einzigartigen-konfiguration\/\">Kitchen dream from Berlin<\/a><\/h4><p class=\"elementor-image-box-description\">Thomas from Berlin fulfilled his dream of a custom-made outdoor barbecue kitchen from PaR\u00e9 Kitchen.\n\n<\/p><\/div><\/div>\t\t\t\t<\/div>\n\t\t\t\t<\/div>\n\t\t\t\t<\/div>\n\t\t\t\t\t<\/div>\n\t\t\t\t<\/div>\n\t\t<div class=\"elementor-element elementor-element-c390215 e-con-full e-flex e-con e-parent\" data-id=\"c390215\" data-element_type=\"container\" data-settings=\"{&quot;background_background&quot;:&quot;classic&quot;}\">\n\t\t\t\t<div class=\"elementor-element elementor-element-522f812 elementor-widget elementor-widget-heading\" data-id=\"522f812\" data-element_type=\"widget\" data-widget_type=\"heading.default\">\n\t\t\t\t<div class=\"elementor-widget-container\">\n\t\t\t\t\t<h2 class=\"elementor-heading-title elementor-size-default\">What type of barbecue are you?<\/h2>\t\t\t\t<\/div>\n\t\t\t\t<\/div>\n\t\t\t\t<div class=\"elementor-element elementor-element-503bdd1 elementor-align-center elementor-widget elementor-widget-button\" data-id=\"503bdd1\" data-element_type=\"widget\" data-widget_type=\"button.default\">\n\t\t\t\t<div class=\"elementor-widget-container\">\n\t\t\t\t\t\t\t\t\t<div class=\"elementor-button-wrapper\">\n\t\t\t\t\t<a class=\"elementor-button elementor-button-link elementor-size-sm\" href=\"\/en\/barbecue-grill-types\/\">\n\t\t\t\t\t\t<span class=\"elementor-button-content-wrapper\">\n\t\t\t\t\t\t\t\t\t<span class=\"elementor-button-text\">read more<\/span>\n\t\t\t\t\t<\/span>\n\t\t\t\t\t<\/a>\n\t\t\t\t<\/div>\n\t\t\t\t\t\t\t\t<\/div>\n\t\t\t\t<\/div>\n\t\t\t\t<\/div>\n\t\t\t\t<\/div>","protected":false},"excerpt":{"rendered":"<p>Was wir tun und lieben, erkl\u00e4rt in unserem Blog Neuer Flagshipstore in Chemnitz PaRe-Kitchen er\u00f6ffnet im 1. Quartal 2026 gemeinsam mit Rollo Voigt und Flammkraft im ein neues Flagship-Store in [&hellip;]<\/p>","protected":false},"author":1,"featured_media":0,"parent":0,"menu_order":0,"comment_status":"closed","ping_status":"closed","template":"","meta":{"footnotes":""},"class_list":["post-1218","page","type-page","status-publish","hentry"],"yoast_head":"<!-- This site is optimized with the Yoast SEO plugin v26.6 - https:\/\/yoast.com\/wordpress\/plugins\/seo\/ -->\n<title>Blog - PaR\u00e9 Kitchen<\/title>\n<meta name=\"robots\" content=\"index, follow, max-snippet:-1, max-image-preview:large, max-video-preview:-1\" \/>\n<link rel=\"canonical\" href=\"https:\/\/pare-kitchen.com\/en\/blog\/\" \/>\n<meta property=\"og:locale\" content=\"en_US\" \/>\n<meta property=\"og:type\" content=\"article\" \/>\n<meta property=\"og:title\" content=\"Blog - PaR\u00e9 Kitchen\" \/>\n<meta property=\"og:description\" content=\"Was wir tun und lieben, erkl\u00e4rt in unserem Blog Neuer Flagshipstore in Chemnitz PaRe-Kitchen er\u00f6ffnet im 1. Quartal 2026 gemeinsam mit Rollo Voigt und Flammkraft im ein neues Flagship-Store in [&hellip;]\" \/>\n<meta property=\"og:url\" content=\"https:\/\/pare-kitchen.com\/en\/blog\/\" \/>\n<meta property=\"og:site_name\" content=\"PaR\u00e9 Kitchen\" \/>\n<meta property=\"article:modified_time\" content=\"2025-12-16T19:04:32+00:00\" \/>\n<meta property=\"og:image\" content=\"https:\/\/pare-kitchen.com\/wp-content\/uploads\/2025\/11\/image-20.webp\" \/>\n\t<meta property=\"og:image:width\" content=\"1024\" \/>\n\t<meta property=\"og:image:height\" content=\"670\" \/>\n\t<meta property=\"og:image:type\" content=\"image\/webp\" \/>\n<meta name=\"twitter:card\" content=\"summary_large_image\" \/>\n<meta name=\"twitter:label1\" content=\"Est. reading time\" \/>\n\t<meta name=\"twitter:data1\" content=\"3 minutes\" \/>\n<script type=\"application\/ld+json\" class=\"yoast-schema-graph\">{\"@context\":\"https:\/\/schema.org\",\"@graph\":[{\"@type\":\"WebPage\",\"@id\":\"https:\/\/pare-kitchen.com\/blog\/\",\"url\":\"https:\/\/pare-kitchen.com\/blog\/\",\"name\":\"Blog - PaR\u00e9 Kitchen\",\"isPartOf\":{\"@id\":\"https:\/\/pare-kitchen.com\/#website\"},\"primaryImageOfPage\":{\"@id\":\"https:\/\/pare-kitchen.com\/blog\/#primaryimage\"},\"image\":{\"@id\":\"https:\/\/pare-kitchen.com\/blog\/#primaryimage\"},\"thumbnailUrl\":\"https:\/\/pare-kitchen.com\/wp-content\/uploads\/2025\/11\/image-20.webp\",\"datePublished\":\"2024-08-14T14:23:28+00:00\",\"dateModified\":\"2025-12-16T19:04:32+00:00\",\"breadcrumb\":{\"@id\":\"https:\/\/pare-kitchen.com\/blog\/#breadcrumb\"},\"inLanguage\":\"en-US\",\"potentialAction\":[{\"@type\":\"ReadAction\",\"target\":[\"https:\/\/pare-kitchen.com\/blog\/\"]}]},{\"@type\":\"ImageObject\",\"inLanguage\":\"en-US\",\"@id\":\"https:\/\/pare-kitchen.com\/blog\/#primaryimage\",\"url\":\"https:\/\/pare-kitchen.com\/wp-content\/uploads\/2025\/11\/image-20.webp\",\"contentUrl\":\"https:\/\/pare-kitchen.com\/wp-content\/uploads\/2025\/11\/image-20.webp\"},{\"@type\":\"BreadcrumbList\",\"@id\":\"https:\/\/pare-kitchen.com\/blog\/#breadcrumb\",\"itemListElement\":[{\"@type\":\"ListItem\",\"position\":1,\"name\":\"Startseite\",\"item\":\"https:\/\/pare-kitchen.com\/\"},{\"@type\":\"ListItem\",\"position\":2,\"name\":\"Blog\"}]},{\"@type\":\"WebSite\",\"@id\":\"https:\/\/pare-kitchen.com\/#website\",\"url\":\"https:\/\/pare-kitchen.com\/\",\"name\":\"PaR\u00e9 Kitchen\",\"description\":\"Outdoork\u00fcchen f\u00fcr deinen Garten\",\"publisher\":{\"@id\":\"https:\/\/pare-kitchen.com\/#organization\"},\"potentialAction\":[{\"@type\":\"SearchAction\",\"target\":{\"@type\":\"EntryPoint\",\"urlTemplate\":\"https:\/\/pare-kitchen.com\/?s={search_term_string}\"},\"query-input\":{\"@type\":\"PropertyValueSpecification\",\"valueRequired\":true,\"valueName\":\"search_term_string\"}}],\"inLanguage\":\"en-US\"},{\"@type\":\"Organization\",\"@id\":\"https:\/\/pare-kitchen.com\/#organization\",\"name\":\"PaR\u00e9 Kitchen\",\"url\":\"https:\/\/pare-kitchen.com\/\",\"logo\":{\"@type\":\"ImageObject\",\"inLanguage\":\"en-US\",\"@id\":\"https:\/\/pare-kitchen.com\/#\/schema\/logo\/image\/\",\"url\":\"https:\/\/pare-kitchen.com\/wp-content\/uploads\/2024\/08\/PaRe-Kitchen-Logo-2.webp\",\"contentUrl\":\"https:\/\/pare-kitchen.com\/wp-content\/uploads\/2024\/08\/PaRe-Kitchen-Logo-2.webp\",\"width\":1982,\"height\":758,\"caption\":\"PaR\u00e9 Kitchen\"},\"image\":{\"@id\":\"https:\/\/pare-kitchen.com\/#\/schema\/logo\/image\/\"}}]}<\/script>\n<!-- \/ Yoast SEO plugin. -->","yoast_head_json":{"title":"Blog - PaR\u00e9 Kitchen","robots":{"index":"index","follow":"follow","max-snippet":"max-snippet:-1","max-image-preview":"max-image-preview:large","max-video-preview":"max-video-preview:-1"},"canonical":"https:\/\/pare-kitchen.com\/en\/blog\/","og_locale":"en_US","og_type":"article","og_title":"Blog - PaR\u00e9 Kitchen","og_description":"Was wir tun und lieben, erkl\u00e4rt in unserem Blog Neuer Flagshipstore in Chemnitz PaRe-Kitchen er\u00f6ffnet im 1. Quartal 2026 gemeinsam mit Rollo Voigt und Flammkraft im ein neues Flagship-Store in [&hellip;]","og_url":"https:\/\/pare-kitchen.com\/en\/blog\/","og_site_name":"PaR\u00e9 Kitchen","article_modified_time":"2025-12-16T19:04:32+00:00","og_image":[{"width":1024,"height":670,"url":"https:\/\/pare-kitchen.com\/wp-content\/uploads\/2025\/11\/image-20.webp","type":"image\/webp"}],"twitter_card":"summary_large_image","twitter_misc":{"Est. reading time":"3 minutes"},"schema":{"@context":"https:\/\/schema.org","@graph":[{"@type":"WebPage","@id":"https:\/\/pare-kitchen.com\/blog\/","url":"https:\/\/pare-kitchen.com\/blog\/","name":"Blog - PaR\u00e9 Kitchen","isPartOf":{"@id":"https:\/\/pare-kitchen.com\/#website"},"primaryImageOfPage":{"@id":"https:\/\/pare-kitchen.com\/blog\/#primaryimage"},"image":{"@id":"https:\/\/pare-kitchen.com\/blog\/#primaryimage"},"thumbnailUrl":"https:\/\/pare-kitchen.com\/wp-content\/uploads\/2025\/11\/image-20.webp","datePublished":"2024-08-14T14:23:28+00:00","dateModified":"2025-12-16T19:04:32+00:00","breadcrumb":{"@id":"https:\/\/pare-kitchen.com\/blog\/#breadcrumb"},"inLanguage":"en-US","potentialAction":[{"@type":"ReadAction","target":["https:\/\/pare-kitchen.com\/blog\/"]}]},{"@type":"ImageObject","inLanguage":"en-US","@id":"https:\/\/pare-kitchen.com\/blog\/#primaryimage","url":"https:\/\/pare-kitchen.com\/wp-content\/uploads\/2025\/11\/image-20.webp","contentUrl":"https:\/\/pare-kitchen.com\/wp-content\/uploads\/2025\/11\/image-20.webp"},{"@type":"BreadcrumbList","@id":"https:\/\/pare-kitchen.com\/blog\/#breadcrumb","itemListElement":[{"@type":"ListItem","position":1,"name":"Startseite","item":"https:\/\/pare-kitchen.com\/"},{"@type":"ListItem","position":2,"name":"Blog"}]},{"@type":"WebSite","@id":"https:\/\/pare-kitchen.com\/#website","url":"https:\/\/pare-kitchen.com\/","name":"PaR\u00e9 Kitchen","description":"Outdoork\u00fcchen f\u00fcr deinen Garten","publisher":{"@id":"https:\/\/pare-kitchen.com\/#organization"},"potentialAction":[{"@type":"SearchAction","target":{"@type":"EntryPoint","urlTemplate":"https:\/\/pare-kitchen.com\/?s={search_term_string}"},"query-input":{"@type":"PropertyValueSpecification","valueRequired":true,"valueName":"search_term_string"}}],"inLanguage":"en-US"},{"@type":"Organization","@id":"https:\/\/pare-kitchen.com\/#organization","name":"PaR\u00e9 Kitchen","url":"https:\/\/pare-kitchen.com\/","logo":{"@type":"ImageObject","inLanguage":"en-US","@id":"https:\/\/pare-kitchen.com\/#\/schema\/logo\/image\/","url":"https:\/\/pare-kitchen.com\/wp-content\/uploads\/2024\/08\/PaRe-Kitchen-Logo-2.webp","contentUrl":"https:\/\/pare-kitchen.com\/wp-content\/uploads\/2024\/08\/PaRe-Kitchen-Logo-2.webp","width":1982,"height":758,"caption":"PaR\u00e9 Kitchen"},"image":{"@id":"https:\/\/pare-kitchen.com\/#\/schema\/logo\/image\/"}}]}},"_links":{"self":[{"href":"https:\/\/pare-kitchen.com\/en\/wp-json\/wp\/v2\/pages\/1218","targetHints":{"allow":["GET"]}}],"collection":[{"href":"https:\/\/pare-kitchen.com\/en\/wp-json\/wp\/v2\/pages"}],"about":[{"href":"https:\/\/pare-kitchen.com\/en\/wp-json\/wp\/v2\/types\/page"}],"author":[{"embeddable":true,"href":"https:\/\/pare-kitchen.com\/en\/wp-json\/wp\/v2\/users\/1"}],"replies":[{"embeddable":true,"href":"https:\/\/pare-kitchen.com\/en\/wp-json\/wp\/v2\/comments?post=1218"}],"version-history":[{"count":61,"href":"https:\/\/pare-kitchen.com\/en\/wp-json\/wp\/v2\/pages\/1218\/revisions"}],"predecessor-version":[{"id":2685,"href":"https:\/\/pare-kitchen.com\/en\/wp-json\/wp\/v2\/pages\/1218\/revisions\/2685"}],"wp:attachment":[{"href":"https:\/\/pare-kitchen.com\/en\/wp-json\/wp\/v2\/media?parent=1218"}],"curies":[{"name":"wp","href":"https:\/\/api.w.org\/{rel}","templated":true}]}}