{"id":1402,"date":"2024-08-15T12:23:58","date_gmt":"2024-08-15T12:23:58","guid":{"rendered":"https:\/\/pare-kitchen.com\/?page_id=1402"},"modified":"2025-04-19T19:49:02","modified_gmt":"2025-04-19T19:49:02","slug":"ueber-uns","status":"publish","type":"page","link":"https:\/\/pare-kitchen.com\/en\/ueber-uns\/","title":{"rendered":"About us"},"content":{"rendered":"<div data-elementor-type=\"wp-page\" data-elementor-id=\"1402\" class=\"elementor elementor-1402\" data-elementor-post-type=\"page\">\n\t\t\t\t<div class=\"elementor-element elementor-element-201932e e-flex e-con-boxed e-con e-parent\" data-id=\"201932e\" data-element_type=\"container\" data-settings=\"{&quot;background_background&quot;:&quot;classic&quot;}\">\n\t\t\t\t\t<div class=\"e-con-inner\">\n\t\t<div class=\"elementor-element elementor-element-d8865ae e-flex e-con-boxed e-con e-child\" data-id=\"d8865ae\" data-element_type=\"container\" data-settings=\"{&quot;background_background&quot;:&quot;classic&quot;}\">\n\t\t\t\t\t<div class=\"e-con-inner\">\n\t\t\t\t<div class=\"elementor-element elementor-element-a2d776d elementor-widget elementor-widget-heading\" data-id=\"a2d776d\" data-element_type=\"widget\" data-widget_type=\"heading.default\">\n\t\t\t\t<div class=\"elementor-widget-container\">\n\t\t\t\t\t<h2 class=\"elementor-heading-title elementor-size-default\">About us<\/h2>\t\t\t\t<\/div>\n\t\t\t\t<\/div>\n\t\t\t\t\t<\/div>\n\t\t\t\t<\/div>\n\t\t\t\t\t<\/div>\n\t\t\t\t<\/div>\n\t\t<div class=\"elementor-element elementor-element-988293d e-flex e-con-boxed e-con e-parent\" data-id=\"988293d\" data-element_type=\"container\">\n\t\t\t\t\t<div class=\"e-con-inner\">\n\t\t\t\t<div class=\"elementor-element elementor-element-211ce71 elementor-widget elementor-widget-heading\" data-id=\"211ce71\" data-element_type=\"widget\" data-widget_type=\"heading.default\">\n\t\t\t\t<div class=\"elementor-widget-container\">\n\t\t\t\t\t<h2 class=\"elementor-heading-title elementor-size-default\">Par\u00e9 Kitchen<\/h2>\t\t\t\t<\/div>\n\t\t\t\t<\/div>\n\t\t\t\t<div class=\"elementor-element elementor-element-1d43111 elementor-widget elementor-widget-text-editor\" data-id=\"1d43111\" data-element_type=\"widget\" data-widget_type=\"text-editor.default\">\n\t\t\t\t<div class=\"elementor-widget-container\">\n\t\t\t\t\t\t\t\t\t<p>Der Name PaR\u00e9 repr\u00e4sentiert die Leidenschaft f\u00fcrs Grillen, geteilt von den Br\u00fcdern Patrick &amp; Ren\u00e9 M\u00fcller sowie Ren\u00e9 Eichertz. Gemeinsam arbeiten sie im Erlebniskaufhaus Franz M\u00fcller in Pr\u00fcm, wo die beiden Ren\u00e9s die gr\u00f6\u00dfte und vielf\u00e4ltigste Grillabteilung der Region betreuen. Die Abteilung f\u00fchrt Produkte namhafter Hersteller wie Napoleon, Weber, Monolith, Traeger, R\u00f6sle und Ofyr. Ren\u00e9 Eichertz, seit 2021 im Team, leitet nicht nur die Grillabteilung, sondern auch Grillschulungen und lokale Grillevents. Sein Instagram-Kanal &#8222;Big BBQ Love&#8220; tr\u00e4gt zum Grill-Enthusiasmus bei und informiert Kunden \u00fcber aktuelle Trends. Ihr Engagement hat eine bekannte Grillszene geschaffen, die weit \u00fcber die Region hinausreicht, unterst\u00fctzt von engagierten Lieferanten.<\/p>\t\t\t\t\t\t\t\t<\/div>\n\t\t\t\t<\/div>\n\t\t\t\t<div class=\"elementor-element elementor-element-a39ddfe elementor-widget elementor-widget-heading\" data-id=\"a39ddfe\" data-element_type=\"widget\" data-widget_type=\"heading.default\">\n\t\t\t\t<div class=\"elementor-widget-container\">\n\t\t\t\t\t<h2 class=\"elementor-heading-title elementor-size-default\">Our Mission<\/h2>\t\t\t\t<\/div>\n\t\t\t\t<\/div>\n\t\t\t\t<div class=\"elementor-element elementor-element-dac9f44 elementor-widget elementor-widget-text-editor\" data-id=\"dac9f44\" data-element_type=\"widget\" data-widget_type=\"text-editor.default\">\n\t\t\t\t<div class=\"elementor-widget-container\">\n\t\t\t\t\t\t\t\t\t<p>Numerous barbecue events and evenings with customers gave rise to the idea of designing a customized outdoor kitchen. The kitchen needed to be lightweight, robust, flexible and equipped with features such as a wine cooler, waste garbage can and sauce container. It also needed to be compatible with Renson patio covers, and Patrick, head of the outdoor department at Franz M\u00fcller, already had experience with Renson covers and creative design in the aluminum sector. The combined expertise of the three of them led to the realization of their ideas for the perfect kitchen.<\/p>\t\t\t\t\t\t\t\t<\/div>\n\t\t\t\t<\/div>\n\t\t\t\t\t<\/div>\n\t\t\t\t<\/div>\n\t\t<div class=\"elementor-element elementor-element-1cbe62f e-flex e-con-boxed e-con e-parent\" data-id=\"1cbe62f\" data-element_type=\"container\" data-settings=\"{&quot;background_background&quot;:&quot;classic&quot;}\">\n\t\t\t\t\t<div class=\"e-con-inner\">\n\t\t<div class=\"elementor-element elementor-element-60111ba e-con-full e-flex e-con e-child\" data-id=\"60111ba\" data-element_type=\"container\">\n\t\t\t\t<div class=\"elementor-element elementor-element-a2acdf0 elementor-widget elementor-widget-image\" data-id=\"a2acdf0\" data-element_type=\"widget\" data-widget_type=\"image.default\">\n\t\t\t\t<div class=\"elementor-widget-container\">\n\t\t\t\t\t\t\t\t\t\t\t\t\t\t\t<img fetchpriority=\"high\" decoding=\"async\" width=\"331\" height=\"344\" src=\"https:\/\/pare-kitchen.com\/wp-content\/uploads\/2024\/10\/patrickmueller_01.webp\" class=\"attachment-large size-large wp-image-1841\" alt=\"\" srcset=\"https:\/\/pare-kitchen.com\/wp-content\/uploads\/2024\/10\/patrickmueller_01.webp 331w, https:\/\/pare-kitchen.com\/wp-content\/uploads\/2024\/10\/patrickmueller_01-289x300.webp 289w, https:\/\/pare-kitchen.com\/wp-content\/uploads\/2024\/10\/patrickmueller_01-12x12.webp 12w\" sizes=\"(max-width: 331px) 100vw, 331px\" \/>\t\t\t\t\t\t\t\t\t\t\t\t\t\t\t<\/div>\n\t\t\t\t<\/div>\n\t\t\t\t<div class=\"elementor-element elementor-element-fcc2fce elementor-widget elementor-widget-heading\" data-id=\"fcc2fce\" data-element_type=\"widget\" data-widget_type=\"heading.default\">\n\t\t\t\t<div class=\"elementor-widget-container\">\n\t\t\t\t\t<h2 class=\"elementor-heading-title elementor-size-default\">PATRICK M\u00dcLLER<\/h2>\t\t\t\t<\/div>\n\t\t\t\t<\/div>\n\t\t\t\t<div class=\"elementor-element elementor-element-3ad81c1 elementor-align-center elementor-icon-list--layout-traditional elementor-list-item-link-full_width elementor-widget elementor-widget-icon-list\" data-id=\"3ad81c1\" data-element_type=\"widget\" data-widget_type=\"icon-list.default\">\n\t\t\t\t<div class=\"elementor-widget-container\">\n\t\t\t\t\t\t\t<ul class=\"elementor-icon-list-items\">\n\t\t\t\t\t\t\t<li class=\"elementor-icon-list-item\">\n\t\t\t\t\t\t\t\t\t\t\t<a href=\"tel:+49%2006551%209540%20-%2042\">\n\n\t\t\t\t\t\t\t\t\t\t\t\t<span class=\"elementor-icon-list-icon\">\n\t\t\t\t\t\t\t<svg aria-hidden=\"true\" class=\"e-font-icon-svg e-fas-phone-alt\" viewbox=\"0 0 512 512\" xmlns=\"http:\/\/www.w3.org\/2000\/svg\"><path d=\"M497.39 361.8l-112-48a24 24 0 0 0-28 6.9l-49.6 60.6A370.66 370.66 0 0 1 130.6 204.11l60.6-49.6a23.94 23.94 0 0 0 6.9-28l-48-112A24.16 24.16 0 0 0 122.6.61l-104 24A24 24 0 0 0 0 48c0 256.5 207.9 464 464 464a24 24 0 0 0 23.4-18.6l24-104a24.29 24.29 0 0 0-14.01-27.6z\"><\/path><\/svg>\t\t\t\t\t\t<\/span>\n\t\t\t\t\t\t\t\t\t\t<span class=\"elementor-icon-list-text\">+49 06551 9540 - 42<\/span>\n\t\t\t\t\t\t\t\t\t\t\t<\/a>\n\t\t\t\t\t\t\t\t\t<\/li>\n\t\t\t\t\t\t\t\t<li class=\"elementor-icon-list-item\">\n\t\t\t\t\t\t\t\t\t\t\t<a href=\"mailto:p.mueller@franzmueller-pruem.de\">\n\n\t\t\t\t\t\t\t\t\t\t\t\t<span class=\"elementor-icon-list-icon\">\n\t\t\t\t\t\t\t<svg aria-hidden=\"true\" class=\"e-font-icon-svg e-fas-envelope\" viewbox=\"0 0 512 512\" xmlns=\"http:\/\/www.w3.org\/2000\/svg\"><path d=\"M502.3 190.8c3.9-3.1 9.7-.2 9.7 4.7V400c0 26.5-21.5 48-48 48H48c-26.5 0-48-21.5-48-48V195.6c0-5 5.7-7.8 9.7-4.7 22.4 17.4 52.1 39.5 154.1 113.6 21.1 15.4 56.7 47.8 92.2 47.6 35.7.3 72-32.8 92.3-47.6 102-74.1 131.6-96.3 154-113.7zM256 320c23.2.4 56.6-29.2 73.4-41.4 132.7-96.3 142.8-104.7 173.4-128.7 5.8-4.5 9.2-11.5 9.2-18.9v-19c0-26.5-21.5-48-48-48H48C21.5 64 0 85.5 0 112v19c0 7.4 3.4 14.3 9.2 18.9 30.6 23.9 40.7 32.4 173.4 128.7 16.8 12.2 50.2 41.8 73.4 41.4z\"><\/path><\/svg>\t\t\t\t\t\t<\/span>\n\t\t\t\t\t\t\t\t\t\t<span class=\"elementor-icon-list-text\">p.mueller@franzmueller-pruem.de<\/span>\n\t\t\t\t\t\t\t\t\t\t\t<\/a>\n\t\t\t\t\t\t\t\t\t<\/li>\n\t\t\t\t\t\t<\/ul>\n\t\t\t\t\t\t<\/div>\n\t\t\t\t<\/div>\n\t\t\t\t<\/div>\n\t\t<div class=\"elementor-element elementor-element-923b427 e-con-full e-flex e-con e-child\" data-id=\"923b427\" data-element_type=\"container\">\n\t\t\t\t<div class=\"elementor-element elementor-element-a677caf elementor-widget elementor-widget-image\" data-id=\"a677caf\" data-element_type=\"widget\" data-widget_type=\"image.default\">\n\t\t\t\t<div class=\"elementor-widget-container\">\n\t\t\t\t\t\t\t\t\t\t\t\t\t\t\t<img decoding=\"async\" width=\"331\" height=\"344\" src=\"https:\/\/pare-kitchen.com\/wp-content\/uploads\/2024\/10\/reneeichertz_01.webp\" class=\"attachment-large size-large wp-image-1843\" alt=\"\" srcset=\"https:\/\/pare-kitchen.com\/wp-content\/uploads\/2024\/10\/reneeichertz_01.webp 331w, https:\/\/pare-kitchen.com\/wp-content\/uploads\/2024\/10\/reneeichertz_01-289x300.webp 289w, https:\/\/pare-kitchen.com\/wp-content\/uploads\/2024\/10\/reneeichertz_01-12x12.webp 12w\" sizes=\"(max-width: 331px) 100vw, 331px\" \/>\t\t\t\t\t\t\t\t\t\t\t\t\t\t\t<\/div>\n\t\t\t\t<\/div>\n\t\t\t\t<div class=\"elementor-element elementor-element-da6823d elementor-widget elementor-widget-heading\" data-id=\"da6823d\" data-element_type=\"widget\" data-widget_type=\"heading.default\">\n\t\t\t\t<div class=\"elementor-widget-container\">\n\t\t\t\t\t<h2 class=\"elementor-heading-title elementor-size-default\">Ren\u00e9 Eichertz<\/h2>\t\t\t\t<\/div>\n\t\t\t\t<\/div>\n\t\t\t\t<div class=\"elementor-element elementor-element-f29e711 elementor-align-center elementor-icon-list--layout-traditional elementor-list-item-link-full_width elementor-widget elementor-widget-icon-list\" data-id=\"f29e711\" data-element_type=\"widget\" data-widget_type=\"icon-list.default\">\n\t\t\t\t<div class=\"elementor-widget-container\">\n\t\t\t\t\t\t\t<ul class=\"elementor-icon-list-items\">\n\t\t\t\t\t\t\t<li class=\"elementor-icon-list-item\">\n\t\t\t\t\t\t\t\t\t\t\t<a href=\"tel:+49%2006551%209540%20-%2033\">\n\n\t\t\t\t\t\t\t\t\t\t\t\t<span class=\"elementor-icon-list-icon\">\n\t\t\t\t\t\t\t<svg aria-hidden=\"true\" class=\"e-font-icon-svg e-fas-phone-alt\" viewbox=\"0 0 512 512\" xmlns=\"http:\/\/www.w3.org\/2000\/svg\"><path d=\"M497.39 361.8l-112-48a24 24 0 0 0-28 6.9l-49.6 60.6A370.66 370.66 0 0 1 130.6 204.11l60.6-49.6a23.94 23.94 0 0 0 6.9-28l-48-112A24.16 24.16 0 0 0 122.6.61l-104 24A24 24 0 0 0 0 48c0 256.5 207.9 464 464 464a24 24 0 0 0 23.4-18.6l24-104a24.29 24.29 0 0 0-14.01-27.6z\"><\/path><\/svg>\t\t\t\t\t\t<\/span>\n\t\t\t\t\t\t\t\t\t\t<span class=\"elementor-icon-list-text\">+49 06551 9540 - 33<\/span>\n\t\t\t\t\t\t\t\t\t\t\t<\/a>\n\t\t\t\t\t\t\t\t\t<\/li>\n\t\t\t\t\t\t\t\t<li class=\"elementor-icon-list-item\">\n\t\t\t\t\t\t\t\t\t\t\t<a href=\"mailto:r.eichertz@franzmueller-pruem.de\">\n\n\t\t\t\t\t\t\t\t\t\t\t\t<span class=\"elementor-icon-list-icon\">\n\t\t\t\t\t\t\t<svg aria-hidden=\"true\" class=\"e-font-icon-svg e-fas-envelope\" viewbox=\"0 0 512 512\" xmlns=\"http:\/\/www.w3.org\/2000\/svg\"><path d=\"M502.3 190.8c3.9-3.1 9.7-.2 9.7 4.7V400c0 26.5-21.5 48-48 48H48c-26.5 0-48-21.5-48-48V195.6c0-5 5.7-7.8 9.7-4.7 22.4 17.4 52.1 39.5 154.1 113.6 21.1 15.4 56.7 47.8 92.2 47.6 35.7.3 72-32.8 92.3-47.6 102-74.1 131.6-96.3 154-113.7zM256 320c23.2.4 56.6-29.2 73.4-41.4 132.7-96.3 142.8-104.7 173.4-128.7 5.8-4.5 9.2-11.5 9.2-18.9v-19c0-26.5-21.5-48-48-48H48C21.5 64 0 85.5 0 112v19c0 7.4 3.4 14.3 9.2 18.9 30.6 23.9 40.7 32.4 173.4 128.7 16.8 12.2 50.2 41.8 73.4 41.4z\"><\/path><\/svg>\t\t\t\t\t\t<\/span>\n\t\t\t\t\t\t\t\t\t\t<span class=\"elementor-icon-list-text\">r.eichertz@franzmueller-pruem.de<\/span>\n\t\t\t\t\t\t\t\t\t\t\t<\/a>\n\t\t\t\t\t\t\t\t\t<\/li>\n\t\t\t\t\t\t<\/ul>\n\t\t\t\t\t\t<\/div>\n\t\t\t\t<\/div>\n\t\t\t\t<\/div>\n\t\t<div class=\"elementor-element elementor-element-1f2a04b e-con-full e-flex e-con e-child\" data-id=\"1f2a04b\" data-element_type=\"container\">\n\t\t\t\t<div class=\"elementor-element elementor-element-885e118 elementor-widget elementor-widget-image\" data-id=\"885e118\" data-element_type=\"widget\" data-widget_type=\"image.default\">\n\t\t\t\t<div class=\"elementor-widget-container\">\n\t\t\t\t\t\t\t\t\t\t\t\t\t\t\t<img decoding=\"async\" width=\"331\" height=\"344\" src=\"https:\/\/pare-kitchen.com\/wp-content\/uploads\/2024\/10\/renemueller_01.webp\" class=\"attachment-large size-large wp-image-1844\" alt=\"\" srcset=\"https:\/\/pare-kitchen.com\/wp-content\/uploads\/2024\/10\/renemueller_01.webp 331w, https:\/\/pare-kitchen.com\/wp-content\/uploads\/2024\/10\/renemueller_01-289x300.webp 289w, https:\/\/pare-kitchen.com\/wp-content\/uploads\/2024\/10\/renemueller_01-12x12.webp 12w\" sizes=\"(max-width: 331px) 100vw, 331px\" \/>\t\t\t\t\t\t\t\t\t\t\t\t\t\t\t<\/div>\n\t\t\t\t<\/div>\n\t\t\t\t<div class=\"elementor-element elementor-element-35fb9d4 elementor-widget elementor-widget-heading\" data-id=\"35fb9d4\" data-element_type=\"widget\" data-widget_type=\"heading.default\">\n\t\t\t\t<div class=\"elementor-widget-container\">\n\t\t\t\t\t<h2 class=\"elementor-heading-title elementor-size-default\">Ren\u00e9 M\u00fcller<\/h2>\t\t\t\t<\/div>\n\t\t\t\t<\/div>\n\t\t\t\t<div class=\"elementor-element elementor-element-7b8c578 elementor-align-center elementor-icon-list--layout-traditional elementor-list-item-link-full_width elementor-widget elementor-widget-icon-list\" data-id=\"7b8c578\" data-element_type=\"widget\" data-widget_type=\"icon-list.default\">\n\t\t\t\t<div class=\"elementor-widget-container\">\n\t\t\t\t\t\t\t<ul class=\"elementor-icon-list-items\">\n\t\t\t\t\t\t\t<li class=\"elementor-icon-list-item\">\n\t\t\t\t\t\t\t\t\t\t\t<a href=\"tel:+49%2006551%209540%20-%2014\">\n\n\t\t\t\t\t\t\t\t\t\t\t\t<span class=\"elementor-icon-list-icon\">\n\t\t\t\t\t\t\t<svg aria-hidden=\"true\" class=\"e-font-icon-svg e-fas-phone-alt\" viewbox=\"0 0 512 512\" xmlns=\"http:\/\/www.w3.org\/2000\/svg\"><path d=\"M497.39 361.8l-112-48a24 24 0 0 0-28 6.9l-49.6 60.6A370.66 370.66 0 0 1 130.6 204.11l60.6-49.6a23.94 23.94 0 0 0 6.9-28l-48-112A24.16 24.16 0 0 0 122.6.61l-104 24A24 24 0 0 0 0 48c0 256.5 207.9 464 464 464a24 24 0 0 0 23.4-18.6l24-104a24.29 24.29 0 0 0-14.01-27.6z\"><\/path><\/svg>\t\t\t\t\t\t<\/span>\n\t\t\t\t\t\t\t\t\t\t<span class=\"elementor-icon-list-text\">+49 06551 9540 - 14<\/span>\n\t\t\t\t\t\t\t\t\t\t\t<\/a>\n\t\t\t\t\t\t\t\t\t<\/li>\n\t\t\t\t\t\t\t\t<li class=\"elementor-icon-list-item\">\n\t\t\t\t\t\t\t\t\t\t\t<a href=\"mailto:r.mueller@franzmueller-pruem.de\">\n\n\t\t\t\t\t\t\t\t\t\t\t\t<span class=\"elementor-icon-list-icon\">\n\t\t\t\t\t\t\t<svg aria-hidden=\"true\" class=\"e-font-icon-svg e-fas-envelope\" viewbox=\"0 0 512 512\" xmlns=\"http:\/\/www.w3.org\/2000\/svg\"><path d=\"M502.3 190.8c3.9-3.1 9.7-.2 9.7 4.7V400c0 26.5-21.5 48-48 48H48c-26.5 0-48-21.5-48-48V195.6c0-5 5.7-7.8 9.7-4.7 22.4 17.4 52.1 39.5 154.1 113.6 21.1 15.4 56.7 47.8 92.2 47.6 35.7.3 72-32.8 92.3-47.6 102-74.1 131.6-96.3 154-113.7zM256 320c23.2.4 56.6-29.2 73.4-41.4 132.7-96.3 142.8-104.7 173.4-128.7 5.8-4.5 9.2-11.5 9.2-18.9v-19c0-26.5-21.5-48-48-48H48C21.5 64 0 85.5 0 112v19c0 7.4 3.4 14.3 9.2 18.9 30.6 23.9 40.7 32.4 173.4 128.7 16.8 12.2 50.2 41.8 73.4 41.4z\"><\/path><\/svg>\t\t\t\t\t\t<\/span>\n\t\t\t\t\t\t\t\t\t\t<span class=\"elementor-icon-list-text\">r.mueller@franzmueller-pruem.de<\/span>\n\t\t\t\t\t\t\t\t\t\t\t<\/a>\n\t\t\t\t\t\t\t\t\t<\/li>\n\t\t\t\t\t\t<\/ul>\n\t\t\t\t\t\t<\/div>\n\t\t\t\t<\/div>\n\t\t\t\t<\/div>\n\t\t\t\t\t<\/div>\n\t\t\t\t<\/div>\n\t\t<div class=\"elementor-element elementor-element-7609bb76 e-con-full e-flex e-con e-parent\" data-id=\"7609bb76\" data-element_type=\"container\" data-settings=\"{&quot;background_background&quot;:&quot;classic&quot;}\">\n\t\t\t\t<div class=\"elementor-element elementor-element-18dfb72 elementor-widget elementor-widget-heading\" data-id=\"18dfb72\" data-element_type=\"widget\" data-widget_type=\"heading.default\">\n\t\t\t\t<div class=\"elementor-widget-container\">\n\t\t\t\t\t<h2 class=\"elementor-heading-title elementor-size-default\">What type of barbecue are you?<\/h2>\t\t\t\t<\/div>\n\t\t\t\t<\/div>\n\t\t\t\t<div class=\"elementor-element elementor-element-4bdc781f elementor-align-center elementor-widget elementor-widget-button\" data-id=\"4bdc781f\" data-element_type=\"widget\" data-widget_type=\"button.default\">\n\t\t\t\t<div class=\"elementor-widget-container\">\n\t\t\t\t\t\t\t\t\t<div class=\"elementor-button-wrapper\">\n\t\t\t\t\t<a class=\"elementor-button elementor-button-link elementor-size-sm\" href=\"\/en\/barbecue-grill-types\/\">\n\t\t\t\t\t\t<span class=\"elementor-button-content-wrapper\">\n\t\t\t\t\t\t\t\t\t<span class=\"elementor-button-text\">read more<\/span>\n\t\t\t\t\t<\/span>\n\t\t\t\t\t<\/a>\n\t\t\t\t<\/div>\n\t\t\t\t\t\t\t\t<\/div>\n\t\t\t\t<\/div>\n\t\t\t\t<\/div>\n\t\t\t\t<\/div>","protected":false},"excerpt":{"rendered":"<p>\u00dcber Uns Par\u00e9 Kitchen Der Name PaR\u00e9 repr\u00e4sentiert die Leidenschaft f\u00fcrs Grillen, geteilt von den Br\u00fcdern Patrick &amp; Ren\u00e9 M\u00fcller sowie Ren\u00e9 Eichertz. Gemeinsam arbeiten sie im Erlebniskaufhaus Franz M\u00fcller [&hellip;]<\/p>","protected":false},"author":1,"featured_media":0,"parent":0,"menu_order":0,"comment_status":"closed","ping_status":"closed","template":"","meta":{"footnotes":""},"class_list":["post-1402","page","type-page","status-publish","hentry"],"yoast_head":"<!-- This site is optimized with the Yoast SEO plugin v26.6 - https:\/\/yoast.com\/wordpress\/plugins\/seo\/ -->\n<title>\u00dcber Uns - PaR\u00e9 Kitchen<\/title>\n<meta name=\"robots\" content=\"index, follow, max-snippet:-1, max-image-preview:large, max-video-preview:-1\" \/>\n<link rel=\"canonical\" href=\"https:\/\/pare-kitchen.com\/en\/ueber-uns\/\" \/>\n<meta property=\"og:locale\" content=\"en_US\" \/>\n<meta property=\"og:type\" content=\"article\" \/>\n<meta property=\"og:title\" content=\"\u00dcber Uns - PaR\u00e9 Kitchen\" \/>\n<meta property=\"og:description\" content=\"\u00dcber Uns Par\u00e9 Kitchen Der Name PaR\u00e9 repr\u00e4sentiert die Leidenschaft f\u00fcrs Grillen, geteilt von den Br\u00fcdern Patrick &amp; Ren\u00e9 M\u00fcller sowie Ren\u00e9 Eichertz. Gemeinsam arbeiten sie im Erlebniskaufhaus Franz M\u00fcller [&hellip;]\" \/>\n<meta property=\"og:url\" content=\"https:\/\/pare-kitchen.com\/en\/ueber-uns\/\" \/>\n<meta property=\"og:site_name\" content=\"PaR\u00e9 Kitchen\" \/>\n<meta property=\"article:modified_time\" content=\"2025-04-19T19:49:02+00:00\" \/>\n<meta property=\"og:image\" content=\"https:\/\/pare-kitchen.com\/wp-content\/uploads\/2024\/10\/patrickmueller_01.webp\" \/>\n\t<meta property=\"og:image:width\" content=\"331\" \/>\n\t<meta property=\"og:image:height\" content=\"344\" \/>\n\t<meta property=\"og:image:type\" content=\"image\/webp\" \/>\n<meta name=\"twitter:card\" content=\"summary_large_image\" \/>\n<meta name=\"twitter:label1\" content=\"Est. reading time\" \/>\n\t<meta name=\"twitter:data1\" content=\"2 minutes\" \/>\n<script type=\"application\/ld+json\" class=\"yoast-schema-graph\">{\"@context\":\"https:\/\/schema.org\",\"@graph\":[{\"@type\":\"WebPage\",\"@id\":\"https:\/\/pare-kitchen.com\/ueber-uns\/\",\"url\":\"https:\/\/pare-kitchen.com\/ueber-uns\/\",\"name\":\"\u00dcber Uns - PaR\u00e9 Kitchen\",\"isPartOf\":{\"@id\":\"https:\/\/pare-kitchen.com\/#website\"},\"primaryImageOfPage\":{\"@id\":\"https:\/\/pare-kitchen.com\/ueber-uns\/#primaryimage\"},\"image\":{\"@id\":\"https:\/\/pare-kitchen.com\/ueber-uns\/#primaryimage\"},\"thumbnailUrl\":\"https:\/\/pare-kitchen.com\/wp-content\/uploads\/2024\/10\/patrickmueller_01.webp\",\"datePublished\":\"2024-08-15T12:23:58+00:00\",\"dateModified\":\"2025-04-19T19:49:02+00:00\",\"breadcrumb\":{\"@id\":\"https:\/\/pare-kitchen.com\/ueber-uns\/#breadcrumb\"},\"inLanguage\":\"en-US\",\"potentialAction\":[{\"@type\":\"ReadAction\",\"target\":[\"https:\/\/pare-kitchen.com\/ueber-uns\/\"]}]},{\"@type\":\"ImageObject\",\"inLanguage\":\"en-US\",\"@id\":\"https:\/\/pare-kitchen.com\/ueber-uns\/#primaryimage\",\"url\":\"https:\/\/pare-kitchen.com\/wp-content\/uploads\/2024\/10\/patrickmueller_01.webp\",\"contentUrl\":\"https:\/\/pare-kitchen.com\/wp-content\/uploads\/2024\/10\/patrickmueller_01.webp\"},{\"@type\":\"BreadcrumbList\",\"@id\":\"https:\/\/pare-kitchen.com\/ueber-uns\/#breadcrumb\",\"itemListElement\":[{\"@type\":\"ListItem\",\"position\":1,\"name\":\"Startseite\",\"item\":\"https:\/\/pare-kitchen.com\/\"},{\"@type\":\"ListItem\",\"position\":2,\"name\":\"\u00dcber Uns\"}]},{\"@type\":\"WebSite\",\"@id\":\"https:\/\/pare-kitchen.com\/#website\",\"url\":\"https:\/\/pare-kitchen.com\/\",\"name\":\"PaR\u00e9 Kitchen\",\"description\":\"Outdoork\u00fcchen f\u00fcr deinen Garten\",\"publisher\":{\"@id\":\"https:\/\/pare-kitchen.com\/#organization\"},\"potentialAction\":[{\"@type\":\"SearchAction\",\"target\":{\"@type\":\"EntryPoint\",\"urlTemplate\":\"https:\/\/pare-kitchen.com\/?s={search_term_string}\"},\"query-input\":{\"@type\":\"PropertyValueSpecification\",\"valueRequired\":true,\"valueName\":\"search_term_string\"}}],\"inLanguage\":\"en-US\"},{\"@type\":\"Organization\",\"@id\":\"https:\/\/pare-kitchen.com\/#organization\",\"name\":\"PaR\u00e9 Kitchen\",\"url\":\"https:\/\/pare-kitchen.com\/\",\"logo\":{\"@type\":\"ImageObject\",\"inLanguage\":\"en-US\",\"@id\":\"https:\/\/pare-kitchen.com\/#\/schema\/logo\/image\/\",\"url\":\"https:\/\/pare-kitchen.com\/wp-content\/uploads\/2024\/08\/PaRe-Kitchen-Logo-2.webp\",\"contentUrl\":\"https:\/\/pare-kitchen.com\/wp-content\/uploads\/2024\/08\/PaRe-Kitchen-Logo-2.webp\",\"width\":1982,\"height\":758,\"caption\":\"PaR\u00e9 Kitchen\"},\"image\":{\"@id\":\"https:\/\/pare-kitchen.com\/#\/schema\/logo\/image\/\"}}]}<\/script>\n<!-- \/ Yoast SEO plugin. -->","yoast_head_json":{"title":"\u00dcber Uns - PaR\u00e9 Kitchen","robots":{"index":"index","follow":"follow","max-snippet":"max-snippet:-1","max-image-preview":"max-image-preview:large","max-video-preview":"max-video-preview:-1"},"canonical":"https:\/\/pare-kitchen.com\/en\/ueber-uns\/","og_locale":"en_US","og_type":"article","og_title":"\u00dcber Uns - PaR\u00e9 Kitchen","og_description":"\u00dcber Uns Par\u00e9 Kitchen Der Name PaR\u00e9 repr\u00e4sentiert die Leidenschaft f\u00fcrs Grillen, geteilt von den Br\u00fcdern Patrick &amp; Ren\u00e9 M\u00fcller sowie Ren\u00e9 Eichertz. Gemeinsam arbeiten sie im Erlebniskaufhaus Franz M\u00fcller [&hellip;]","og_url":"https:\/\/pare-kitchen.com\/en\/ueber-uns\/","og_site_name":"PaR\u00e9 Kitchen","article_modified_time":"2025-04-19T19:49:02+00:00","og_image":[{"width":331,"height":344,"url":"https:\/\/pare-kitchen.com\/wp-content\/uploads\/2024\/10\/patrickmueller_01.webp","type":"image\/webp"}],"twitter_card":"summary_large_image","twitter_misc":{"Est. reading time":"2 minutes"},"schema":{"@context":"https:\/\/schema.org","@graph":[{"@type":"WebPage","@id":"https:\/\/pare-kitchen.com\/ueber-uns\/","url":"https:\/\/pare-kitchen.com\/ueber-uns\/","name":"\u00dcber Uns - PaR\u00e9 Kitchen","isPartOf":{"@id":"https:\/\/pare-kitchen.com\/#website"},"primaryImageOfPage":{"@id":"https:\/\/pare-kitchen.com\/ueber-uns\/#primaryimage"},"image":{"@id":"https:\/\/pare-kitchen.com\/ueber-uns\/#primaryimage"},"thumbnailUrl":"https:\/\/pare-kitchen.com\/wp-content\/uploads\/2024\/10\/patrickmueller_01.webp","datePublished":"2024-08-15T12:23:58+00:00","dateModified":"2025-04-19T19:49:02+00:00","breadcrumb":{"@id":"https:\/\/pare-kitchen.com\/ueber-uns\/#breadcrumb"},"inLanguage":"en-US","potentialAction":[{"@type":"ReadAction","target":["https:\/\/pare-kitchen.com\/ueber-uns\/"]}]},{"@type":"ImageObject","inLanguage":"en-US","@id":"https:\/\/pare-kitchen.com\/ueber-uns\/#primaryimage","url":"https:\/\/pare-kitchen.com\/wp-content\/uploads\/2024\/10\/patrickmueller_01.webp","contentUrl":"https:\/\/pare-kitchen.com\/wp-content\/uploads\/2024\/10\/patrickmueller_01.webp"},{"@type":"BreadcrumbList","@id":"https:\/\/pare-kitchen.com\/ueber-uns\/#breadcrumb","itemListElement":[{"@type":"ListItem","position":1,"name":"Startseite","item":"https:\/\/pare-kitchen.com\/"},{"@type":"ListItem","position":2,"name":"\u00dcber Uns"}]},{"@type":"WebSite","@id":"https:\/\/pare-kitchen.com\/#website","url":"https:\/\/pare-kitchen.com\/","name":"PaR\u00e9 Kitchen","description":"Outdoork\u00fcchen f\u00fcr deinen Garten","publisher":{"@id":"https:\/\/pare-kitchen.com\/#organization"},"potentialAction":[{"@type":"SearchAction","target":{"@type":"EntryPoint","urlTemplate":"https:\/\/pare-kitchen.com\/?s={search_term_string}"},"query-input":{"@type":"PropertyValueSpecification","valueRequired":true,"valueName":"search_term_string"}}],"inLanguage":"en-US"},{"@type":"Organization","@id":"https:\/\/pare-kitchen.com\/#organization","name":"PaR\u00e9 Kitchen","url":"https:\/\/pare-kitchen.com\/","logo":{"@type":"ImageObject","inLanguage":"en-US","@id":"https:\/\/pare-kitchen.com\/#\/schema\/logo\/image\/","url":"https:\/\/pare-kitchen.com\/wp-content\/uploads\/2024\/08\/PaRe-Kitchen-Logo-2.webp","contentUrl":"https:\/\/pare-kitchen.com\/wp-content\/uploads\/2024\/08\/PaRe-Kitchen-Logo-2.webp","width":1982,"height":758,"caption":"PaR\u00e9 Kitchen"},"image":{"@id":"https:\/\/pare-kitchen.com\/#\/schema\/logo\/image\/"}}]}},"_links":{"self":[{"href":"https:\/\/pare-kitchen.com\/en\/wp-json\/wp\/v2\/pages\/1402","targetHints":{"allow":["GET"]}}],"collection":[{"href":"https:\/\/pare-kitchen.com\/en\/wp-json\/wp\/v2\/pages"}],"about":[{"href":"https:\/\/pare-kitchen.com\/en\/wp-json\/wp\/v2\/types\/page"}],"author":[{"embeddable":true,"href":"https:\/\/pare-kitchen.com\/en\/wp-json\/wp\/v2\/users\/1"}],"replies":[{"embeddable":true,"href":"https:\/\/pare-kitchen.com\/en\/wp-json\/wp\/v2\/comments?post=1402"}],"version-history":[{"count":28,"href":"https:\/\/pare-kitchen.com\/en\/wp-json\/wp\/v2\/pages\/1402\/revisions"}],"predecessor-version":[{"id":2254,"href":"https:\/\/pare-kitchen.com\/en\/wp-json\/wp\/v2\/pages\/1402\/revisions\/2254"}],"wp:attachment":[{"href":"https:\/\/pare-kitchen.com\/en\/wp-json\/wp\/v2\/media?parent=1402"}],"curies":[{"name":"wp","href":"https:\/\/api.w.org\/{rel}","templated":true}]}}