{"id":1581,"date":"2024-08-21T08:27:32","date_gmt":"2024-08-21T08:27:32","guid":{"rendered":"https:\/\/pare-kitchen.com\/?page_id=1581"},"modified":"2024-08-21T08:50:52","modified_gmt":"2024-08-21T08:50:52","slug":"barbecue-grill-types","status":"publish","type":"page","link":"https:\/\/pare-kitchen.com\/en\/barbecue-grill-types\/","title":{"rendered":"barbecue grill types"},"content":{"rendered":"<div data-elementor-type=\"wp-page\" data-elementor-id=\"1581\" class=\"elementor elementor-1581\" data-elementor-post-type=\"page\">\n\t\t\t\t<div class=\"elementor-element elementor-element-16dedc0 e-con-full e-flex e-con e-parent\" data-id=\"16dedc0\" data-element_type=\"container\">\n\t\t\t\t<div class=\"elementor-element elementor-element-1a608b2 elementor-widget elementor-widget-text-editor\" data-id=\"1a608b2\" data-element_type=\"widget\" data-widget_type=\"text-editor.default\">\n\t\t\t\t<div class=\"elementor-widget-container\">\n\t\t\t\t\t\t\t\t\t<p>Arten von Grillgerichten<\/p>\t\t\t\t\t\t\t\t<\/div>\n\t\t\t\t<\/div>\n\t\t\t\t<div class=\"elementor-element elementor-element-f57abed elementor-widget elementor-widget-heading\" data-id=\"f57abed\" data-element_type=\"widget\" data-widget_type=\"heading.default\">\n\t\t\t\t<div class=\"elementor-widget-container\">\n\t\t\t\t\t<h1 class=\"elementor-heading-title elementor-size-default\">What type of barbecue are you?<\/h1>\t\t\t\t<\/div>\n\t\t\t\t<\/div>\n\t\t\t\t<div class=\"elementor-element elementor-element-82ccdcc elementor-widget__width-initial elementor-widget elementor-widget-text-editor\" data-id=\"82ccdcc\" data-element_type=\"widget\" data-widget_type=\"text-editor.default\">\n\t\t\t\t<div class=\"elementor-widget-container\">\n\t\t\t\t\t\t\t\t\t<p>Auf der Suche nach dem perfekten Grill? Entdecken Sie unser Sortiment und finden Sie heraus, welcher Typ am besten zu Ihrem Stil passt. Egal, ob Sie den klassischen Geschmack von Holzkohle, den Komfort von Gas oder die Vielseitigkeit von Pellets bevorzugen, wir haben den Grill f\u00fcr Sie. Von tragbaren Optionen bis hin zu Einbauger\u00e4ten \u2013 finden Sie Ihr perfektes Ger\u00e4t f\u00fcr unvergessliche Kochmomente im Freien.<\/p>\t\t\t\t\t\t\t\t<\/div>\n\t\t\t\t<\/div>\n\t\t\t\t<\/div>\n\t\t<div class=\"elementor-element elementor-element-242b92c e-con-full e-flex e-con e-parent\" data-id=\"242b92c\" data-element_type=\"container\" data-settings=\"{&quot;background_background&quot;:&quot;classic&quot;}\">\n\t\t\t\t<div class=\"elementor-element elementor-element-a9c87be elementor-widget elementor-widget-heading\" data-id=\"a9c87be\" data-element_type=\"widget\" data-widget_type=\"heading.default\">\n\t\t\t\t<div class=\"elementor-widget-container\">\n\t\t\t\t\t<h1 class=\"elementor-heading-title elementor-size-default\">Keramikgrill<\/h1>\t\t\t\t<\/div>\n\t\t\t\t<\/div>\n\t\t\t\t<div class=\"elementor-element elementor-element-f79d85b elementor-widget elementor-widget-button\" data-id=\"f79d85b\" data-element_type=\"widget\" data-widget_type=\"button.default\">\n\t\t\t\t<div class=\"elementor-widget-container\">\n\t\t\t\t\t\t\t\t\t<div class=\"elementor-button-wrapper\">\n\t\t\t\t\t<a class=\"elementor-button elementor-button-link elementor-size-sm\" href=\"\/en\/bbqtype-keramikgrill\/\">\n\t\t\t\t\t\t<span class=\"elementor-button-content-wrapper\">\n\t\t\t\t\t\t\t\t\t<span class=\"elementor-button-text\">Mehr Sehen<\/span>\n\t\t\t\t\t<\/span>\n\t\t\t\t\t<\/a>\n\t\t\t\t<\/div>\n\t\t\t\t\t\t\t\t<\/div>\n\t\t\t\t<\/div>\n\t\t\t\t<\/div>\n\t\t<div class=\"elementor-element elementor-element-b7c271d e-con-full e-flex e-con e-parent\" data-id=\"b7c271d\" data-element_type=\"container\" data-settings=\"{&quot;background_background&quot;:&quot;classic&quot;}\">\n\t\t\t\t<div class=\"elementor-element elementor-element-1bf0104 elementor-widget elementor-widget-heading\" data-id=\"1bf0104\" data-element_type=\"widget\" data-widget_type=\"heading.default\">\n\t\t\t\t<div class=\"elementor-widget-container\">\n\t\t\t\t\t<h1 class=\"elementor-heading-title elementor-size-default\">Gasgrill<\/h1>\t\t\t\t<\/div>\n\t\t\t\t<\/div>\n\t\t\t\t<div class=\"elementor-element elementor-element-533985f elementor-widget elementor-widget-button\" data-id=\"533985f\" data-element_type=\"widget\" data-widget_type=\"button.default\">\n\t\t\t\t<div class=\"elementor-widget-container\">\n\t\t\t\t\t\t\t\t\t<div class=\"elementor-button-wrapper\">\n\t\t\t\t\t<a class=\"elementor-button elementor-button-link elementor-size-sm\" href=\"\/en\/bbqtype-gasgrill\/\">\n\t\t\t\t\t\t<span class=\"elementor-button-content-wrapper\">\n\t\t\t\t\t\t\t\t\t<span class=\"elementor-button-text\">Mehr Sehen<\/span>\n\t\t\t\t\t<\/span>\n\t\t\t\t\t<\/a>\n\t\t\t\t<\/div>\n\t\t\t\t\t\t\t\t<\/div>\n\t\t\t\t<\/div>\n\t\t\t\t<\/div>\n\t\t\t\t<\/div>","protected":false},"excerpt":{"rendered":"<p>Arten von Grillgerichten Welcher Grilltyp bist du? Auf der Suche nach dem perfekten Grill? Entdecken Sie unser Sortiment und finden Sie heraus, welcher Typ am besten zu Ihrem Stil passt. [&hellip;]<\/p>","protected":false},"author":1,"featured_media":0,"parent":0,"menu_order":0,"comment_status":"closed","ping_status":"closed","template":"","meta":{"footnotes":""},"class_list":["post-1581","page","type-page","status-publish","hentry"],"yoast_head":"<!-- This site is optimized with the Yoast SEO plugin v26.6 - https:\/\/yoast.com\/wordpress\/plugins\/seo\/ -->\n<title>barbecue grill types - PaR\u00e9 Kitchen<\/title>\n<meta name=\"robots\" content=\"index, follow, max-snippet:-1, max-image-preview:large, max-video-preview:-1\" \/>\n<link rel=\"canonical\" href=\"https:\/\/pare-kitchen.com\/en\/barbecue-grill-types\/\" \/>\n<meta property=\"og:locale\" content=\"en_US\" \/>\n<meta property=\"og:type\" content=\"article\" \/>\n<meta property=\"og:title\" content=\"barbecue grill types - PaR\u00e9 Kitchen\" \/>\n<meta property=\"og:description\" content=\"Arten von Grillgerichten Welcher Grilltyp bist du? Auf der Suche nach dem perfekten Grill? Entdecken Sie unser Sortiment und finden Sie heraus, welcher Typ am besten zu Ihrem Stil passt. [&hellip;]\" \/>\n<meta property=\"og:url\" content=\"https:\/\/pare-kitchen.com\/en\/barbecue-grill-types\/\" \/>\n<meta property=\"og:site_name\" content=\"PaR\u00e9 Kitchen\" \/>\n<meta property=\"article:modified_time\" content=\"2024-08-21T08:50:52+00:00\" \/>\n<meta name=\"twitter:card\" content=\"summary_large_image\" \/>\n<script type=\"application\/ld+json\" class=\"yoast-schema-graph\">{\"@context\":\"https:\/\/schema.org\",\"@graph\":[{\"@type\":\"WebPage\",\"@id\":\"https:\/\/pare-kitchen.com\/barbecue-grill-types\/\",\"url\":\"https:\/\/pare-kitchen.com\/barbecue-grill-types\/\",\"name\":\"barbecue grill types - PaR\u00e9 Kitchen\",\"isPartOf\":{\"@id\":\"https:\/\/pare-kitchen.com\/#website\"},\"datePublished\":\"2024-08-21T08:27:32+00:00\",\"dateModified\":\"2024-08-21T08:50:52+00:00\",\"breadcrumb\":{\"@id\":\"https:\/\/pare-kitchen.com\/barbecue-grill-types\/#breadcrumb\"},\"inLanguage\":\"en-US\",\"potentialAction\":[{\"@type\":\"ReadAction\",\"target\":[\"https:\/\/pare-kitchen.com\/barbecue-grill-types\/\"]}]},{\"@type\":\"BreadcrumbList\",\"@id\":\"https:\/\/pare-kitchen.com\/barbecue-grill-types\/#breadcrumb\",\"itemListElement\":[{\"@type\":\"ListItem\",\"position\":1,\"name\":\"Startseite\",\"item\":\"https:\/\/pare-kitchen.com\/\"},{\"@type\":\"ListItem\",\"position\":2,\"name\":\"barbecue grill types\"}]},{\"@type\":\"WebSite\",\"@id\":\"https:\/\/pare-kitchen.com\/#website\",\"url\":\"https:\/\/pare-kitchen.com\/\",\"name\":\"PaR\u00e9 Kitchen\",\"description\":\"Outdoork\u00fcchen f\u00fcr deinen Garten\",\"publisher\":{\"@id\":\"https:\/\/pare-kitchen.com\/#organization\"},\"potentialAction\":[{\"@type\":\"SearchAction\",\"target\":{\"@type\":\"EntryPoint\",\"urlTemplate\":\"https:\/\/pare-kitchen.com\/?s={search_term_string}\"},\"query-input\":{\"@type\":\"PropertyValueSpecification\",\"valueRequired\":true,\"valueName\":\"search_term_string\"}}],\"inLanguage\":\"en-US\"},{\"@type\":\"Organization\",\"@id\":\"https:\/\/pare-kitchen.com\/#organization\",\"name\":\"PaR\u00e9 Kitchen\",\"url\":\"https:\/\/pare-kitchen.com\/\",\"logo\":{\"@type\":\"ImageObject\",\"inLanguage\":\"en-US\",\"@id\":\"https:\/\/pare-kitchen.com\/#\/schema\/logo\/image\/\",\"url\":\"https:\/\/pare-kitchen.com\/wp-content\/uploads\/2024\/08\/PaRe-Kitchen-Logo-2.webp\",\"contentUrl\":\"https:\/\/pare-kitchen.com\/wp-content\/uploads\/2024\/08\/PaRe-Kitchen-Logo-2.webp\",\"width\":1982,\"height\":758,\"caption\":\"PaR\u00e9 Kitchen\"},\"image\":{\"@id\":\"https:\/\/pare-kitchen.com\/#\/schema\/logo\/image\/\"}}]}<\/script>\n<!-- \/ Yoast SEO plugin. -->","yoast_head_json":{"title":"barbecue grill types - PaR\u00e9 Kitchen","robots":{"index":"index","follow":"follow","max-snippet":"max-snippet:-1","max-image-preview":"max-image-preview:large","max-video-preview":"max-video-preview:-1"},"canonical":"https:\/\/pare-kitchen.com\/en\/barbecue-grill-types\/","og_locale":"en_US","og_type":"article","og_title":"barbecue grill types - PaR\u00e9 Kitchen","og_description":"Arten von Grillgerichten Welcher Grilltyp bist du? Auf der Suche nach dem perfekten Grill? Entdecken Sie unser Sortiment und finden Sie heraus, welcher Typ am besten zu Ihrem Stil passt. [&hellip;]","og_url":"https:\/\/pare-kitchen.com\/en\/barbecue-grill-types\/","og_site_name":"PaR\u00e9 Kitchen","article_modified_time":"2024-08-21T08:50:52+00:00","twitter_card":"summary_large_image","schema":{"@context":"https:\/\/schema.org","@graph":[{"@type":"WebPage","@id":"https:\/\/pare-kitchen.com\/barbecue-grill-types\/","url":"https:\/\/pare-kitchen.com\/barbecue-grill-types\/","name":"barbecue grill types - PaR\u00e9 Kitchen","isPartOf":{"@id":"https:\/\/pare-kitchen.com\/#website"},"datePublished":"2024-08-21T08:27:32+00:00","dateModified":"2024-08-21T08:50:52+00:00","breadcrumb":{"@id":"https:\/\/pare-kitchen.com\/barbecue-grill-types\/#breadcrumb"},"inLanguage":"en-US","potentialAction":[{"@type":"ReadAction","target":["https:\/\/pare-kitchen.com\/barbecue-grill-types\/"]}]},{"@type":"BreadcrumbList","@id":"https:\/\/pare-kitchen.com\/barbecue-grill-types\/#breadcrumb","itemListElement":[{"@type":"ListItem","position":1,"name":"Startseite","item":"https:\/\/pare-kitchen.com\/"},{"@type":"ListItem","position":2,"name":"barbecue grill types"}]},{"@type":"WebSite","@id":"https:\/\/pare-kitchen.com\/#website","url":"https:\/\/pare-kitchen.com\/","name":"PaR\u00e9 Kitchen","description":"Outdoork\u00fcchen f\u00fcr deinen Garten","publisher":{"@id":"https:\/\/pare-kitchen.com\/#organization"},"potentialAction":[{"@type":"SearchAction","target":{"@type":"EntryPoint","urlTemplate":"https:\/\/pare-kitchen.com\/?s={search_term_string}"},"query-input":{"@type":"PropertyValueSpecification","valueRequired":true,"valueName":"search_term_string"}}],"inLanguage":"en-US"},{"@type":"Organization","@id":"https:\/\/pare-kitchen.com\/#organization","name":"PaR\u00e9 Kitchen","url":"https:\/\/pare-kitchen.com\/","logo":{"@type":"ImageObject","inLanguage":"en-US","@id":"https:\/\/pare-kitchen.com\/#\/schema\/logo\/image\/","url":"https:\/\/pare-kitchen.com\/wp-content\/uploads\/2024\/08\/PaRe-Kitchen-Logo-2.webp","contentUrl":"https:\/\/pare-kitchen.com\/wp-content\/uploads\/2024\/08\/PaRe-Kitchen-Logo-2.webp","width":1982,"height":758,"caption":"PaR\u00e9 Kitchen"},"image":{"@id":"https:\/\/pare-kitchen.com\/#\/schema\/logo\/image\/"}}]}},"_links":{"self":[{"href":"https:\/\/pare-kitchen.com\/en\/wp-json\/wp\/v2\/pages\/1581","targetHints":{"allow":["GET"]}}],"collection":[{"href":"https:\/\/pare-kitchen.com\/en\/wp-json\/wp\/v2\/pages"}],"about":[{"href":"https:\/\/pare-kitchen.com\/en\/wp-json\/wp\/v2\/types\/page"}],"author":[{"embeddable":true,"href":"https:\/\/pare-kitchen.com\/en\/wp-json\/wp\/v2\/users\/1"}],"replies":[{"embeddable":true,"href":"https:\/\/pare-kitchen.com\/en\/wp-json\/wp\/v2\/comments?post=1581"}],"version-history":[{"count":10,"href":"https:\/\/pare-kitchen.com\/en\/wp-json\/wp\/v2\/pages\/1581\/revisions"}],"predecessor-version":[{"id":1625,"href":"https:\/\/pare-kitchen.com\/en\/wp-json\/wp\/v2\/pages\/1581\/revisions\/1625"}],"wp:attachment":[{"href":"https:\/\/pare-kitchen.com\/en\/wp-json\/wp\/v2\/media?parent=1581"}],"curies":[{"name":"wp","href":"https:\/\/api.w.org\/{rel}","templated":true}]}}