{"id":1591,"date":"2024-08-21T08:29:36","date_gmt":"2024-08-21T08:29:36","guid":{"rendered":"https:\/\/pare-kitchen.com\/?page_id=1591"},"modified":"2024-08-21T08:53:35","modified_gmt":"2024-08-21T08:53:35","slug":"bbqtype-keramikgrill","status":"publish","type":"page","link":"https:\/\/pare-kitchen.com\/en\/bbqtype-keramikgrill\/","title":{"rendered":"bbqtype-keramikgrill"},"content":{"rendered":"<div data-elementor-type=\"wp-page\" data-elementor-id=\"1591\" class=\"elementor elementor-1591\" data-elementor-post-type=\"page\">\n\t\t\t\t<div class=\"elementor-element elementor-element-eaaa7e1 e-con-full e-flex e-con e-parent\" data-id=\"eaaa7e1\" data-element_type=\"container\">\n\t\t\t\t<div class=\"elementor-element elementor-element-0f175ab elementor-widget elementor-widget-text-editor\" data-id=\"0f175ab\" data-element_type=\"widget\" data-widget_type=\"text-editor.default\">\n\t\t\t\t<div class=\"elementor-widget-container\">\n\t\t\t\t\t\t\t\t\t<p>Welcher Grilltyp bist du<\/p>\t\t\t\t\t\t\t\t<\/div>\n\t\t\t\t<\/div>\n\t\t\t\t<div class=\"elementor-element elementor-element-7b86653 elementor-widget elementor-widget-heading\" data-id=\"7b86653\" data-element_type=\"widget\" data-widget_type=\"heading.default\">\n\t\t\t\t<div class=\"elementor-widget-container\">\n\t\t\t\t\t<h1 class=\"elementor-heading-title elementor-size-default\">Keramikgrill<\/h1>\t\t\t\t<\/div>\n\t\t\t\t<\/div>\n\t\t\t\t<\/div>\n\t\t<div class=\"elementor-element elementor-element-74b9216 e-con-full e-flex e-con e-parent\" data-id=\"74b9216\" data-element_type=\"container\">\n\t\t<div class=\"elementor-element elementor-element-dccfdae e-con-full e-flex e-con e-child\" data-id=\"dccfdae\" data-element_type=\"container\" data-settings=\"{&quot;background_background&quot;:&quot;classic&quot;}\">\n\t\t\t\t<\/div>\n\t\t\t\t<\/div>\n\t\t<div class=\"elementor-element elementor-element-7d9f475 e-flex e-con-boxed e-con e-parent\" data-id=\"7d9f475\" data-element_type=\"container\">\n\t\t\t\t\t<div class=\"e-con-inner\">\n\t\t\t\t<div class=\"elementor-element elementor-element-c4b08cb elementor-widget elementor-widget-text-editor\" data-id=\"c4b08cb\" data-element_type=\"widget\" data-widget_type=\"text-editor.default\">\n\t\t\t\t<div class=\"elementor-widget-container\">\n\t\t\t\t\t\t\t\t\t<p>Der Monolith Keramikgrill vereint Tradition, Design, Innovation und modernste Technologie des Keramikgrillens in einem Grillger\u00e4t. Ein multifunktionaler Kamado-Grill, mit dem Sie grillen, r\u00e4uchern, backen, kochen und kochen k\u00f6nnen. Nutzen Sie Ihren Grill als R\u00e4ucherofen, Pizzaofen, stellen Sie ihn auf die Feuerplatte oder schwenken Sie den Wok. Die M\u00f6glichkeiten sind grenzenlos.<\/p>\t\t\t\t\t\t\t\t<\/div>\n\t\t\t\t<\/div>\n\t\t\t\t<div class=\"elementor-element elementor-element-2fdadba elementor-widget elementor-widget-heading\" data-id=\"2fdadba\" data-element_type=\"widget\" data-widget_type=\"heading.default\">\n\t\t\t\t<div class=\"elementor-widget-container\">\n\t\t\t\t\t<h3 class=\"elementor-heading-title elementor-size-default\">Der perfekte grill f\u00fcr perfekte ergebnisse\n\n<\/h3>\t\t\t\t<\/div>\n\t\t\t\t<\/div>\n\t\t\t\t<div class=\"elementor-element elementor-element-4134141 elementor-widget elementor-widget-text-editor\" data-id=\"4134141\" data-element_type=\"widget\" data-widget_type=\"text-editor.default\">\n\t\t\t\t<div class=\"elementor-widget-container\">\n\t\t\t\t\t\t\t\t\t<p>Der in Deutschland entworfene Kamado hat sich zum innovativsten Holzkohlegrill der Welt entwickelt und begeistert mittlerweile Fans auf der ganzen Welt mit seiner unglaublichen Pr\u00e4zision, endlosen Aufstellm\u00f6glichkeiten und einzigartigen kulinarischen Ergebnissen.<\/p>\t\t\t\t\t\t\t\t<\/div>\n\t\t\t\t<\/div>\n\t\t\t\t<div class=\"elementor-element elementor-element-01cf126 elementor-widget elementor-widget-heading\" data-id=\"01cf126\" data-element_type=\"widget\" data-widget_type=\"heading.default\">\n\t\t\t\t<div class=\"elementor-widget-container\">\n\t\t\t\t\t<h3 class=\"elementor-heading-title elementor-size-default\">Pr\u00e4zises temperator-management<\/h3>\t\t\t\t<\/div>\n\t\t\t\t<\/div>\n\t\t\t\t<div class=\"elementor-element elementor-element-0282dde elementor-widget elementor-widget-text-editor\" data-id=\"0282dde\" data-element_type=\"widget\" data-widget_type=\"text-editor.default\">\n\t\t\t\t<div class=\"elementor-widget-container\">\n\t\t\t\t\t\t\t\t\t<p>Dank seiner extrem w\u00e4rmespeichernden Keramik ben\u00f6tigt der Monolith sehr wenig Energie und nur eine sehr kurze Zeit, um die von Ihnen genau kontrollierbare Temperatur zu erreichen. Dar\u00fcber hinaus k\u00f6nnen Sie dank der hervorragenden Keramikisolierung und der steuerbaren Luftzufuhr den Holzkohleverbrauch im Vergleich zu anderen Holzkohlegrills um 25 \u2013 50 % reduzieren.<\/p>\t\t\t\t\t\t\t\t<\/div>\n\t\t\t\t<\/div>\n\t\t\t\t<div class=\"elementor-element elementor-element-4f54ec2 elementor-widget elementor-widget-heading\" data-id=\"4f54ec2\" data-element_type=\"widget\" data-widget_type=\"heading.default\">\n\t\t\t\t<div class=\"elementor-widget-container\">\n\t\t\t\t\t<h3 class=\"elementor-heading-title elementor-size-default\">F\u00fcr Den Professionellen und privaten gebrauch<\/h3>\t\t\t\t<\/div>\n\t\t\t\t<\/div>\n\t\t\t\t<div class=\"elementor-element elementor-element-5b060e9 elementor-widget elementor-widget-text-editor\" data-id=\"5b060e9\" data-element_type=\"widget\" data-widget_type=\"text-editor.default\">\n\t\t\t\t<div class=\"elementor-widget-container\">\n\t\t\t\t\t\t\t\t\t<p>Aufgrund seiner enormen Vielseitigkeit und Multifunktionalit\u00e4t und der endlosen Auswahl an Zubeh\u00f6r ist der Monolith Kamado Grill der perfekte Begleiter f\u00fcr zu Hause, findet aber auch vielf\u00e4ltige Einsatzm\u00f6glichkeiten in der professionellen Gastronomie. Sowohl in Sternerestaurants als auch bei gro\u00dfen Festival-Caterings findet sich f\u00fcr jeden Bedarf die passende Gr\u00f6\u00dfe.<\/p>\t\t\t\t\t\t\t\t<\/div>\n\t\t\t\t<\/div>\n\t\t\t\t\t<\/div>\n\t\t\t\t<\/div>\n\t\t<div class=\"elementor-element elementor-element-b31862e e-flex e-con-boxed e-con e-parent\" data-id=\"b31862e\" data-element_type=\"container\">\n\t\t\t\t\t<div class=\"e-con-inner\">\n\t\t<div class=\"elementor-element elementor-element-f1d51f2 e-con-full e-flex e-con e-child\" data-id=\"f1d51f2\" data-element_type=\"container\">\n\t\t\t\t<div class=\"elementor-element elementor-element-4e2fda1 elementor-widget elementor-widget-heading\" data-id=\"4e2fda1\" data-element_type=\"widget\" data-widget_type=\"heading.default\">\n\t\t\t\t<div class=\"elementor-widget-container\">\n\t\t\t\t\t<h3 class=\"elementor-heading-title elementor-size-default\">Direktes Garen<\/h3>\t\t\t\t<\/div>\n\t\t\t\t<\/div>\n\t\t\t\t<div class=\"elementor-element elementor-element-2ee4c02 elementor-widget-divider--view-line elementor-widget elementor-widget-divider\" data-id=\"2ee4c02\" data-element_type=\"widget\" data-widget_type=\"divider.default\">\n\t\t\t\t<div class=\"elementor-widget-container\">\n\t\t\t\t\t\t\t<div class=\"elementor-divider\">\n\t\t\t<span class=\"elementor-divider-separator\">\n\t\t\t\t\t\t<\/span>\n\t\t<\/div>\n\t\t\t\t\t\t<\/div>\n\t\t\t\t<\/div>\n\t\t\t\t<div class=\"elementor-element elementor-element-eaee1fc elementor-widget elementor-widget-image\" data-id=\"eaee1fc\" data-element_type=\"widget\" data-widget_type=\"image.default\">\n\t\t\t\t<div class=\"elementor-widget-container\">\n\t\t\t\t\t\t\t\t\t\t\t\t\t\t\t<img fetchpriority=\"high\" decoding=\"async\" width=\"240\" height=\"770\" src=\"https:\/\/pare-kitchen.com\/wp-content\/uploads\/2024\/08\/bloggrill1.png\" class=\"attachment-large size-large wp-image-1596\" alt=\"\" srcset=\"https:\/\/pare-kitchen.com\/wp-content\/uploads\/2024\/08\/bloggrill1.png 240w, https:\/\/pare-kitchen.com\/wp-content\/uploads\/2024\/08\/bloggrill1-4x12.png 4w\" sizes=\"(max-width: 240px) 100vw, 240px\" \/>\t\t\t\t\t\t\t\t\t\t\t\t\t\t\t<\/div>\n\t\t\t\t<\/div>\n\t\t\t\t<\/div>\n\t\t<div class=\"elementor-element elementor-element-3de62cf e-con-full e-flex e-con e-child\" data-id=\"3de62cf\" data-element_type=\"container\">\n\t\t\t\t<div class=\"elementor-element elementor-element-24edbd2 elementor-widget elementor-widget-heading\" data-id=\"24edbd2\" data-element_type=\"widget\" data-widget_type=\"heading.default\">\n\t\t\t\t<div class=\"elementor-widget-container\">\n\t\t\t\t\t<h3 class=\"elementor-heading-title elementor-size-default\"><span style=\"font-size: 28px\">Indirektes kochen<\/span><\/h3>\t\t\t\t<\/div>\n\t\t\t\t<\/div>\n\t\t\t\t<div class=\"elementor-element elementor-element-48cc054 elementor-widget-divider--view-line elementor-widget elementor-widget-divider\" data-id=\"48cc054\" data-element_type=\"widget\" data-widget_type=\"divider.default\">\n\t\t\t\t<div class=\"elementor-widget-container\">\n\t\t\t\t\t\t\t<div class=\"elementor-divider\">\n\t\t\t<span class=\"elementor-divider-separator\">\n\t\t\t\t\t\t<\/span>\n\t\t<\/div>\n\t\t\t\t\t\t<\/div>\n\t\t\t\t<\/div>\n\t\t\t\t<div class=\"elementor-element elementor-element-7d3c06e elementor-widget elementor-widget-image\" data-id=\"7d3c06e\" data-element_type=\"widget\" data-widget_type=\"image.default\">\n\t\t\t\t<div class=\"elementor-widget-container\">\n\t\t\t\t\t\t\t\t\t\t\t\t\t\t\t<img decoding=\"async\" width=\"240\" height=\"869\" src=\"https:\/\/pare-kitchen.com\/wp-content\/uploads\/2024\/08\/bloggrill2.png\" class=\"attachment-large size-large wp-image-1597\" alt=\"\" srcset=\"https:\/\/pare-kitchen.com\/wp-content\/uploads\/2024\/08\/bloggrill2.png 240w, https:\/\/pare-kitchen.com\/wp-content\/uploads\/2024\/08\/bloggrill2-83x300.png 83w, https:\/\/pare-kitchen.com\/wp-content\/uploads\/2024\/08\/bloggrill2-3x12.png 3w\" sizes=\"(max-width: 240px) 100vw, 240px\" \/>\t\t\t\t\t\t\t\t\t\t\t\t\t\t\t<\/div>\n\t\t\t\t<\/div>\n\t\t\t\t<\/div>\n\t\t<div class=\"elementor-element elementor-element-70dd15e e-con-full e-flex e-con e-child\" data-id=\"70dd15e\" data-element_type=\"container\">\n\t\t\t\t<div class=\"elementor-element elementor-element-92efd14 elementor-widget elementor-widget-heading\" data-id=\"92efd14\" data-element_type=\"widget\" data-widget_type=\"heading.default\">\n\t\t\t\t<div class=\"elementor-widget-container\">\n\t\t\t\t\t<h3 class=\"elementor-heading-title elementor-size-default\">Backen<\/h3>\t\t\t\t<\/div>\n\t\t\t\t<\/div>\n\t\t\t\t<div class=\"elementor-element elementor-element-bf32ec1 elementor-widget-divider--view-line elementor-widget elementor-widget-divider\" data-id=\"bf32ec1\" data-element_type=\"widget\" data-widget_type=\"divider.default\">\n\t\t\t\t<div class=\"elementor-widget-container\">\n\t\t\t\t\t\t\t<div class=\"elementor-divider\">\n\t\t\t<span class=\"elementor-divider-separator\">\n\t\t\t\t\t\t<\/span>\n\t\t<\/div>\n\t\t\t\t\t\t<\/div>\n\t\t\t\t<\/div>\n\t\t\t\t<div class=\"elementor-element elementor-element-6d55964 elementor-widget elementor-widget-image\" data-id=\"6d55964\" data-element_type=\"widget\" data-widget_type=\"image.default\">\n\t\t\t\t<div class=\"elementor-widget-container\">\n\t\t\t\t\t\t\t\t\t\t\t\t\t\t\t<img decoding=\"async\" width=\"240\" height=\"768\" src=\"https:\/\/pare-kitchen.com\/wp-content\/uploads\/2024\/08\/bloggrill3.png\" class=\"attachment-large size-large wp-image-1598\" alt=\"\" srcset=\"https:\/\/pare-kitchen.com\/wp-content\/uploads\/2024\/08\/bloggrill3.png 240w, https:\/\/pare-kitchen.com\/wp-content\/uploads\/2024\/08\/bloggrill3-94x300.png 94w, https:\/\/pare-kitchen.com\/wp-content\/uploads\/2024\/08\/bloggrill3-4x12.png 4w\" sizes=\"(max-width: 240px) 100vw, 240px\" \/>\t\t\t\t\t\t\t\t\t\t\t\t\t\t\t<\/div>\n\t\t\t\t<\/div>\n\t\t\t\t<\/div>\n\t\t\t\t\t<\/div>\n\t\t\t\t<\/div>\n\t\t\t\t<\/div>","protected":false},"excerpt":{"rendered":"<p>Welcher Grilltyp bist du Keramikgrill Der Monolith Keramikgrill vereint Tradition, Design, Innovation und modernste Technologie des Keramikgrillens in einem Grillger\u00e4t. Ein multifunktionaler Kamado-Grill, mit dem Sie grillen, r\u00e4uchern, backen, kochen [&hellip;]<\/p>","protected":false},"author":1,"featured_media":0,"parent":0,"menu_order":0,"comment_status":"closed","ping_status":"closed","template":"","meta":{"footnotes":""},"class_list":["post-1591","page","type-page","status-publish","hentry"],"yoast_head":"<!-- This site is optimized with the Yoast SEO plugin v26.6 - https:\/\/yoast.com\/wordpress\/plugins\/seo\/ -->\n<title>bbqtype-keramikgrill - PaR\u00e9 Kitchen<\/title>\n<meta name=\"robots\" content=\"index, follow, max-snippet:-1, max-image-preview:large, max-video-preview:-1\" \/>\n<link rel=\"canonical\" href=\"https:\/\/pare-kitchen.com\/en\/bbqtype-keramikgrill\/\" \/>\n<meta property=\"og:locale\" content=\"en_US\" \/>\n<meta property=\"og:type\" content=\"article\" \/>\n<meta property=\"og:title\" content=\"bbqtype-keramikgrill - PaR\u00e9 Kitchen\" \/>\n<meta property=\"og:description\" content=\"Welcher Grilltyp bist du Keramikgrill Der Monolith Keramikgrill vereint Tradition, Design, Innovation und modernste Technologie des Keramikgrillens in einem Grillger\u00e4t. Ein multifunktionaler Kamado-Grill, mit dem Sie grillen, r\u00e4uchern, backen, kochen [&hellip;]\" \/>\n<meta property=\"og:url\" content=\"https:\/\/pare-kitchen.com\/en\/bbqtype-keramikgrill\/\" \/>\n<meta property=\"og:site_name\" content=\"PaR\u00e9 Kitchen\" \/>\n<meta property=\"article:modified_time\" content=\"2024-08-21T08:53:35+00:00\" \/>\n<meta property=\"og:image\" content=\"https:\/\/pare-kitchen.com\/wp-content\/uploads\/2024\/08\/bloggrill1.png\" \/>\n<meta name=\"twitter:card\" content=\"summary_large_image\" \/>\n<meta name=\"twitter:label1\" content=\"Est. reading time\" \/>\n\t<meta name=\"twitter:data1\" content=\"1 minute\" \/>\n<script type=\"application\/ld+json\" class=\"yoast-schema-graph\">{\"@context\":\"https:\/\/schema.org\",\"@graph\":[{\"@type\":\"WebPage\",\"@id\":\"https:\/\/pare-kitchen.com\/bbqtype-keramikgrill\/\",\"url\":\"https:\/\/pare-kitchen.com\/bbqtype-keramikgrill\/\",\"name\":\"bbqtype-keramikgrill - PaR\u00e9 Kitchen\",\"isPartOf\":{\"@id\":\"https:\/\/pare-kitchen.com\/#website\"},\"primaryImageOfPage\":{\"@id\":\"https:\/\/pare-kitchen.com\/bbqtype-keramikgrill\/#primaryimage\"},\"image\":{\"@id\":\"https:\/\/pare-kitchen.com\/bbqtype-keramikgrill\/#primaryimage\"},\"thumbnailUrl\":\"https:\/\/pare-kitchen.com\/wp-content\/uploads\/2024\/08\/bloggrill1.png\",\"datePublished\":\"2024-08-21T08:29:36+00:00\",\"dateModified\":\"2024-08-21T08:53:35+00:00\",\"breadcrumb\":{\"@id\":\"https:\/\/pare-kitchen.com\/bbqtype-keramikgrill\/#breadcrumb\"},\"inLanguage\":\"en-US\",\"potentialAction\":[{\"@type\":\"ReadAction\",\"target\":[\"https:\/\/pare-kitchen.com\/bbqtype-keramikgrill\/\"]}]},{\"@type\":\"ImageObject\",\"inLanguage\":\"en-US\",\"@id\":\"https:\/\/pare-kitchen.com\/bbqtype-keramikgrill\/#primaryimage\",\"url\":\"https:\/\/pare-kitchen.com\/wp-content\/uploads\/2024\/08\/bloggrill1.png\",\"contentUrl\":\"https:\/\/pare-kitchen.com\/wp-content\/uploads\/2024\/08\/bloggrill1.png\"},{\"@type\":\"BreadcrumbList\",\"@id\":\"https:\/\/pare-kitchen.com\/bbqtype-keramikgrill\/#breadcrumb\",\"itemListElement\":[{\"@type\":\"ListItem\",\"position\":1,\"name\":\"Startseite\",\"item\":\"https:\/\/pare-kitchen.com\/\"},{\"@type\":\"ListItem\",\"position\":2,\"name\":\"bbqtype-keramikgrill\"}]},{\"@type\":\"WebSite\",\"@id\":\"https:\/\/pare-kitchen.com\/#website\",\"url\":\"https:\/\/pare-kitchen.com\/\",\"name\":\"PaR\u00e9 Kitchen\",\"description\":\"Outdoork\u00fcchen f\u00fcr deinen Garten\",\"publisher\":{\"@id\":\"https:\/\/pare-kitchen.com\/#organization\"},\"potentialAction\":[{\"@type\":\"SearchAction\",\"target\":{\"@type\":\"EntryPoint\",\"urlTemplate\":\"https:\/\/pare-kitchen.com\/?s={search_term_string}\"},\"query-input\":{\"@type\":\"PropertyValueSpecification\",\"valueRequired\":true,\"valueName\":\"search_term_string\"}}],\"inLanguage\":\"en-US\"},{\"@type\":\"Organization\",\"@id\":\"https:\/\/pare-kitchen.com\/#organization\",\"name\":\"PaR\u00e9 Kitchen\",\"url\":\"https:\/\/pare-kitchen.com\/\",\"logo\":{\"@type\":\"ImageObject\",\"inLanguage\":\"en-US\",\"@id\":\"https:\/\/pare-kitchen.com\/#\/schema\/logo\/image\/\",\"url\":\"https:\/\/pare-kitchen.com\/wp-content\/uploads\/2024\/08\/PaRe-Kitchen-Logo-2.webp\",\"contentUrl\":\"https:\/\/pare-kitchen.com\/wp-content\/uploads\/2024\/08\/PaRe-Kitchen-Logo-2.webp\",\"width\":1982,\"height\":758,\"caption\":\"PaR\u00e9 Kitchen\"},\"image\":{\"@id\":\"https:\/\/pare-kitchen.com\/#\/schema\/logo\/image\/\"}}]}<\/script>\n<!-- \/ Yoast SEO plugin. -->","yoast_head_json":{"title":"bbqtype-keramikgrill - PaR\u00e9 Kitchen","robots":{"index":"index","follow":"follow","max-snippet":"max-snippet:-1","max-image-preview":"max-image-preview:large","max-video-preview":"max-video-preview:-1"},"canonical":"https:\/\/pare-kitchen.com\/en\/bbqtype-keramikgrill\/","og_locale":"en_US","og_type":"article","og_title":"bbqtype-keramikgrill - PaR\u00e9 Kitchen","og_description":"Welcher Grilltyp bist du Keramikgrill Der Monolith Keramikgrill vereint Tradition, Design, Innovation und modernste Technologie des Keramikgrillens in einem Grillger\u00e4t. Ein multifunktionaler Kamado-Grill, mit dem Sie grillen, r\u00e4uchern, backen, kochen [&hellip;]","og_url":"https:\/\/pare-kitchen.com\/en\/bbqtype-keramikgrill\/","og_site_name":"PaR\u00e9 Kitchen","article_modified_time":"2024-08-21T08:53:35+00:00","og_image":[{"url":"https:\/\/pare-kitchen.com\/wp-content\/uploads\/2024\/08\/bloggrill1.png","type":"","width":"","height":""}],"twitter_card":"summary_large_image","twitter_misc":{"Est. reading time":"1 minute"},"schema":{"@context":"https:\/\/schema.org","@graph":[{"@type":"WebPage","@id":"https:\/\/pare-kitchen.com\/bbqtype-keramikgrill\/","url":"https:\/\/pare-kitchen.com\/bbqtype-keramikgrill\/","name":"bbqtype-keramikgrill - PaR\u00e9 Kitchen","isPartOf":{"@id":"https:\/\/pare-kitchen.com\/#website"},"primaryImageOfPage":{"@id":"https:\/\/pare-kitchen.com\/bbqtype-keramikgrill\/#primaryimage"},"image":{"@id":"https:\/\/pare-kitchen.com\/bbqtype-keramikgrill\/#primaryimage"},"thumbnailUrl":"https:\/\/pare-kitchen.com\/wp-content\/uploads\/2024\/08\/bloggrill1.png","datePublished":"2024-08-21T08:29:36+00:00","dateModified":"2024-08-21T08:53:35+00:00","breadcrumb":{"@id":"https:\/\/pare-kitchen.com\/bbqtype-keramikgrill\/#breadcrumb"},"inLanguage":"en-US","potentialAction":[{"@type":"ReadAction","target":["https:\/\/pare-kitchen.com\/bbqtype-keramikgrill\/"]}]},{"@type":"ImageObject","inLanguage":"en-US","@id":"https:\/\/pare-kitchen.com\/bbqtype-keramikgrill\/#primaryimage","url":"https:\/\/pare-kitchen.com\/wp-content\/uploads\/2024\/08\/bloggrill1.png","contentUrl":"https:\/\/pare-kitchen.com\/wp-content\/uploads\/2024\/08\/bloggrill1.png"},{"@type":"BreadcrumbList","@id":"https:\/\/pare-kitchen.com\/bbqtype-keramikgrill\/#breadcrumb","itemListElement":[{"@type":"ListItem","position":1,"name":"Startseite","item":"https:\/\/pare-kitchen.com\/"},{"@type":"ListItem","position":2,"name":"bbqtype-keramikgrill"}]},{"@type":"WebSite","@id":"https:\/\/pare-kitchen.com\/#website","url":"https:\/\/pare-kitchen.com\/","name":"PaR\u00e9 Kitchen","description":"Outdoork\u00fcchen f\u00fcr deinen Garten","publisher":{"@id":"https:\/\/pare-kitchen.com\/#organization"},"potentialAction":[{"@type":"SearchAction","target":{"@type":"EntryPoint","urlTemplate":"https:\/\/pare-kitchen.com\/?s={search_term_string}"},"query-input":{"@type":"PropertyValueSpecification","valueRequired":true,"valueName":"search_term_string"}}],"inLanguage":"en-US"},{"@type":"Organization","@id":"https:\/\/pare-kitchen.com\/#organization","name":"PaR\u00e9 Kitchen","url":"https:\/\/pare-kitchen.com\/","logo":{"@type":"ImageObject","inLanguage":"en-US","@id":"https:\/\/pare-kitchen.com\/#\/schema\/logo\/image\/","url":"https:\/\/pare-kitchen.com\/wp-content\/uploads\/2024\/08\/PaRe-Kitchen-Logo-2.webp","contentUrl":"https:\/\/pare-kitchen.com\/wp-content\/uploads\/2024\/08\/PaRe-Kitchen-Logo-2.webp","width":1982,"height":758,"caption":"PaR\u00e9 Kitchen"},"image":{"@id":"https:\/\/pare-kitchen.com\/#\/schema\/logo\/image\/"}}]}},"_links":{"self":[{"href":"https:\/\/pare-kitchen.com\/en\/wp-json\/wp\/v2\/pages\/1591","targetHints":{"allow":["GET"]}}],"collection":[{"href":"https:\/\/pare-kitchen.com\/en\/wp-json\/wp\/v2\/pages"}],"about":[{"href":"https:\/\/pare-kitchen.com\/en\/wp-json\/wp\/v2\/types\/page"}],"author":[{"embeddable":true,"href":"https:\/\/pare-kitchen.com\/en\/wp-json\/wp\/v2\/users\/1"}],"replies":[{"embeddable":true,"href":"https:\/\/pare-kitchen.com\/en\/wp-json\/wp\/v2\/comments?post=1591"}],"version-history":[{"count":17,"href":"https:\/\/pare-kitchen.com\/en\/wp-json\/wp\/v2\/pages\/1591\/revisions"}],"predecessor-version":[{"id":1634,"href":"https:\/\/pare-kitchen.com\/en\/wp-json\/wp\/v2\/pages\/1591\/revisions\/1634"}],"wp:attachment":[{"href":"https:\/\/pare-kitchen.com\/en\/wp-json\/wp\/v2\/media?parent=1591"}],"curies":[{"name":"wp","href":"https:\/\/api.w.org\/{rel}","templated":true}]}}