{"id":1614,"date":"2024-08-21T08:44:14","date_gmt":"2024-08-21T08:44:14","guid":{"rendered":"https:\/\/pare-kitchen.com\/?page_id=1614"},"modified":"2024-08-21T08:52:45","modified_gmt":"2024-08-21T08:52:45","slug":"bbqtype-gasgrill","status":"publish","type":"page","link":"https:\/\/pare-kitchen.com\/en\/bbqtype-gasgrill\/","title":{"rendered":"bbqtype-gasgrill"},"content":{"rendered":"<div data-elementor-type=\"wp-page\" data-elementor-id=\"1614\" class=\"elementor elementor-1614\" data-elementor-post-type=\"page\">\n\t\t\t\t<div class=\"elementor-element elementor-element-eaaa7e1 e-con-full e-flex e-con e-parent\" data-id=\"eaaa7e1\" data-element_type=\"container\">\n\t\t\t\t<div class=\"elementor-element elementor-element-0f175ab elementor-widget elementor-widget-text-editor\" data-id=\"0f175ab\" data-element_type=\"widget\" data-widget_type=\"text-editor.default\">\n\t\t\t\t<div class=\"elementor-widget-container\">\n\t\t\t\t\t\t\t\t\t<p>Welcher Grilltyp bist du<\/p>\t\t\t\t\t\t\t\t<\/div>\n\t\t\t\t<\/div>\n\t\t\t\t<div class=\"elementor-element elementor-element-7b86653 elementor-widget elementor-widget-heading\" data-id=\"7b86653\" data-element_type=\"widget\" data-widget_type=\"heading.default\">\n\t\t\t\t<div class=\"elementor-widget-container\">\n\t\t\t\t\t<h1 class=\"elementor-heading-title elementor-size-default\">Gasgrill<\/h1>\t\t\t\t<\/div>\n\t\t\t\t<\/div>\n\t\t\t\t<\/div>\n\t\t<div class=\"elementor-element elementor-element-74b9216 e-con-full e-flex e-con e-parent\" data-id=\"74b9216\" data-element_type=\"container\">\n\t\t<div class=\"elementor-element elementor-element-dccfdae e-con-full e-flex e-con e-child\" data-id=\"dccfdae\" data-element_type=\"container\" data-settings=\"{&quot;background_background&quot;:&quot;classic&quot;}\">\n\t\t\t\t<\/div>\n\t\t\t\t<\/div>\n\t\t<div class=\"elementor-element elementor-element-7d9f475 e-flex e-con-boxed e-con e-parent\" data-id=\"7d9f475\" data-element_type=\"container\">\n\t\t\t\t\t<div class=\"e-con-inner\">\n\t\t\t\t<div class=\"elementor-element elementor-element-c4b08cb elementor-widget elementor-widget-text-editor\" data-id=\"c4b08cb\" data-element_type=\"widget\" data-widget_type=\"text-editor.default\">\n\t\t\t\t<div class=\"elementor-widget-container\">\n\t\t\t\t\t\t\t\t\t<p>Einbaugasgrills bieten eine elegante und praktische L\u00f6sung f\u00fcr Grillliebhaber, die ihre Au\u00dfenk\u00fcche oder ihren Grillbereich aufwerten m\u00f6chten. Diese Grills sind speziell daf\u00fcr konzipiert, in eine bereits bestehende Outdoor-K\u00fcchenkonfiguration integriert zu werden, und bieten eine Vielzahl von Vorteilen.<br \/><br \/>Wir sind stolz darauf, Napoleon und Flammkraft als unsere Premium-Marken f\u00fcr Einbaugasgrills anzubieten. Sollten Sie jedoch eine andere Marke bevorzugen, sprechen Sie uns bitte an. Bei Pare Kitchen k\u00fcmmern wir uns gerne darum, Ihre W\u00fcnsche zu erf\u00fcllen und die f\u00fcr Sie passende L\u00f6sung zu finden.<\/p>\t\t\t\t\t\t\t\t<\/div>\n\t\t\t\t<\/div>\n\t\t\t\t<div class=\"elementor-element elementor-element-2fdadba elementor-widget elementor-widget-heading\" data-id=\"2fdadba\" data-element_type=\"widget\" data-widget_type=\"heading.default\">\n\t\t\t\t<div class=\"elementor-widget-container\">\n\t\t\t\t\t<h3 class=\"elementor-heading-title elementor-size-default\">Entdecken Sie die Vielfalt und Vorteile von Einbaugasgrills f\u00fcr Ihre Grillk\u00fcche\n<\/h3>\t\t\t\t<\/div>\n\t\t\t\t<\/div>\n\t\t\t\t<div class=\"elementor-element elementor-element-4134141 elementor-widget elementor-widget-text-editor\" data-id=\"4134141\" data-element_type=\"widget\" data-widget_type=\"text-editor.default\">\n\t\t\t\t<div class=\"elementor-widget-container\">\n\t\t\t\t\t\t\t\t\t<p>Mit einem Einbaugasgrill genie\u00dfen Sie die Flexibilit\u00e4t, Ihre Outdoor-K\u00fcche nach Ihren W\u00fcnschen zu gestalten. Sie k\u00f6nnen den Grill nahtlos in die Arbeitsfl\u00e4che oder in ein Grillinsel-Design integrieren, was nicht nur \u00e4sthetisch ansprechend ist, sondern auch Platz auf Ihrer Terrasse oder in Ihrem Garten spart. Bei der Auswahl eines Einbaugasgrills ist es wichtig, auf hochwertige Materialien, robuste Konstruktion und pr\u00e4zise Temperaturkontrolle zu achten, um ein erstklassiges Grillergebnis zu erzielen. Mit unserem Sortiment an hochwertigen Einbaugasgrills k\u00f6nnen Sie Ihre Outdoor-K\u00fcche um einen leistungsstarken und stilvollen Grill erweitern, der Ihnen jahrelang Freude bereiten wird.<\/p>\t\t\t\t\t\t\t\t<\/div>\n\t\t\t\t<\/div>\n\t\t\t\t<div class=\"elementor-element elementor-element-01cf126 elementor-widget elementor-widget-heading\" data-id=\"01cf126\" data-element_type=\"widget\" data-widget_type=\"heading.default\">\n\t\t\t\t<div class=\"elementor-widget-container\">\n\t\t\t\t\t<h3 class=\"elementor-heading-title elementor-size-default\">Leistungsf\u00e4higkeit\n\n<\/h3>\t\t\t\t<\/div>\n\t\t\t\t<\/div>\n\t\t\t\t<div class=\"elementor-element elementor-element-0282dde elementor-widget elementor-widget-text-editor\" data-id=\"0282dde\" data-element_type=\"widget\" data-widget_type=\"text-editor.default\">\n\t\t\t\t<div class=\"elementor-widget-container\">\n\t\t\t\t\t\t\t\t\t<p>Ein weiterer Vorteil ist die Leistungsf\u00e4higkeit dieser Grills. Einbaugasgrills sind in verschiedenen Gr\u00f6\u00dfen und Konfigurationen erh\u00e4ltlich, von kompakten Modellen bis hin zu gro\u00dfz\u00fcgigen Grills mit mehreren Brennern und Zusatzelementen. Diese Vielseitigkeit erm\u00f6glicht es Ihnen, Ihre Outdoor-K\u00fcche genau nach Ihren Bed\u00fcrfnissen und Kochgewohnheiten auszustatten.<\/p>\t\t\t\t\t\t\t\t<\/div>\n\t\t\t\t<\/div>\n\t\t\t\t<div class=\"elementor-element elementor-element-4f54ec2 elementor-widget elementor-widget-heading\" data-id=\"4f54ec2\" data-element_type=\"widget\" data-widget_type=\"heading.default\">\n\t\t\t\t<div class=\"elementor-widget-container\">\n\t\t\t\t\t<h3 class=\"elementor-heading-title elementor-size-default\">Zus\u00e4tzliche Funktionen\n\n<\/h3>\t\t\t\t<\/div>\n\t\t\t\t<\/div>\n\t\t\t\t<div class=\"elementor-element elementor-element-5b060e9 elementor-widget elementor-widget-text-editor\" data-id=\"5b060e9\" data-element_type=\"widget\" data-widget_type=\"text-editor.default\">\n\t\t\t\t<div class=\"elementor-widget-container\">\n\t\t\t\t\t\t\t\t\t<p>Dar\u00fcber hinaus bieten Einbaugasgrills oft zus\u00e4tzliche Funktionen wie Seitenbrenner, Rotisserie-Brenner, Rauchschubladen und Infrarot-Grillelemente, die Ihre Kochm\u00f6glichkeiten erweitern und Ihnen erlauben, eine Vielzahl von Gerichten im Freien zuzubereiten.<\/p>\t\t\t\t\t\t\t\t<\/div>\n\t\t\t\t<\/div>\n\t\t\t\t\t<\/div>\n\t\t\t\t<\/div>\n\t\t<div class=\"elementor-element elementor-element-b31862e e-flex e-con-boxed e-con e-parent\" data-id=\"b31862e\" data-element_type=\"container\">\n\t\t\t\t\t<div class=\"e-con-inner\">\n\t\t<div class=\"elementor-element elementor-element-f1d51f2 e-con-full e-flex e-con e-child\" data-id=\"f1d51f2\" data-element_type=\"container\">\n\t\t\t\t<div class=\"elementor-element elementor-element-4e2fda1 elementor-widget elementor-widget-heading\" data-id=\"4e2fda1\" data-element_type=\"widget\" data-widget_type=\"heading.default\">\n\t\t\t\t<div class=\"elementor-widget-container\">\n\t\t\t\t\t<h3 class=\"elementor-heading-title elementor-size-default\"><span style=\"font-size: 28px\">Napoleon<\/span><\/h3>\t\t\t\t<\/div>\n\t\t\t\t<\/div>\n\t\t\t\t<div class=\"elementor-element elementor-element-2ee4c02 elementor-widget-divider--view-line elementor-widget elementor-widget-divider\" data-id=\"2ee4c02\" data-element_type=\"widget\" data-widget_type=\"divider.default\">\n\t\t\t\t<div class=\"elementor-widget-container\">\n\t\t\t\t\t\t\t<div class=\"elementor-divider\">\n\t\t\t<span class=\"elementor-divider-separator\">\n\t\t\t\t\t\t<\/span>\n\t\t<\/div>\n\t\t\t\t\t\t<\/div>\n\t\t\t\t<\/div>\n\t\t\t\t<div class=\"elementor-element elementor-element-eaee1fc elementor-widget elementor-widget-image\" data-id=\"eaee1fc\" data-element_type=\"widget\" data-widget_type=\"image.default\">\n\t\t\t\t<div class=\"elementor-widget-container\">\n\t\t\t\t\t\t\t\t\t\t\t\t\t\t\t<img fetchpriority=\"high\" decoding=\"async\" width=\"576\" height=\"1024\" src=\"https:\/\/pare-kitchen.com\/wp-content\/uploads\/2024\/08\/1-3-scaled-1-576x1024.jpg\" class=\"attachment-large size-large wp-image-1618\" alt=\"\" srcset=\"https:\/\/pare-kitchen.com\/wp-content\/uploads\/2024\/08\/1-3-scaled-1-576x1024.jpg 576w, https:\/\/pare-kitchen.com\/wp-content\/uploads\/2024\/08\/1-3-scaled-1-169x300.jpg 169w, https:\/\/pare-kitchen.com\/wp-content\/uploads\/2024\/08\/1-3-scaled-1-768x1365.jpg 768w, https:\/\/pare-kitchen.com\/wp-content\/uploads\/2024\/08\/1-3-scaled-1-864x1536.jpg 864w, https:\/\/pare-kitchen.com\/wp-content\/uploads\/2024\/08\/1-3-scaled-1-1152x2048.jpg 1152w, https:\/\/pare-kitchen.com\/wp-content\/uploads\/2024\/08\/1-3-scaled-1-7x12.jpg 7w, https:\/\/pare-kitchen.com\/wp-content\/uploads\/2024\/08\/1-3-scaled-1.jpg 1440w\" sizes=\"(max-width: 576px) 100vw, 576px\" \/>\t\t\t\t\t\t\t\t\t\t\t\t\t\t\t<\/div>\n\t\t\t\t<\/div>\n\t\t\t\t<\/div>\n\t\t<div class=\"elementor-element elementor-element-3de62cf e-con-full e-flex e-con e-child\" data-id=\"3de62cf\" data-element_type=\"container\">\n\t\t\t\t<div class=\"elementor-element elementor-element-24edbd2 elementor-widget elementor-widget-heading\" data-id=\"24edbd2\" data-element_type=\"widget\" data-widget_type=\"heading.default\">\n\t\t\t\t<div class=\"elementor-widget-container\">\n\t\t\t\t\t<h3 class=\"elementor-heading-title elementor-size-default\"><span style=\"font-size: 28px\">Flammkraft<\/span><\/h3>\t\t\t\t<\/div>\n\t\t\t\t<\/div>\n\t\t\t\t<div class=\"elementor-element elementor-element-48cc054 elementor-widget-divider--view-line elementor-widget elementor-widget-divider\" data-id=\"48cc054\" data-element_type=\"widget\" data-widget_type=\"divider.default\">\n\t\t\t\t<div class=\"elementor-widget-container\">\n\t\t\t\t\t\t\t<div class=\"elementor-divider\">\n\t\t\t<span class=\"elementor-divider-separator\">\n\t\t\t\t\t\t<\/span>\n\t\t<\/div>\n\t\t\t\t\t\t<\/div>\n\t\t\t\t<\/div>\n\t\t\t\t<div class=\"elementor-element elementor-element-7d3c06e elementor-widget elementor-widget-image\" data-id=\"7d3c06e\" data-element_type=\"widget\" data-widget_type=\"image.default\">\n\t\t\t\t<div class=\"elementor-widget-container\">\n\t\t\t\t\t\t\t\t\t\t\t\t\t\t\t<img decoding=\"async\" width=\"576\" height=\"1024\" src=\"https:\/\/pare-kitchen.com\/wp-content\/uploads\/2024\/08\/2-2-scaled-1-576x1024.jpg\" class=\"attachment-large size-large wp-image-1619\" alt=\"\" srcset=\"https:\/\/pare-kitchen.com\/wp-content\/uploads\/2024\/08\/2-2-scaled-1-576x1024.jpg 576w, https:\/\/pare-kitchen.com\/wp-content\/uploads\/2024\/08\/2-2-scaled-1-169x300.jpg 169w, https:\/\/pare-kitchen.com\/wp-content\/uploads\/2024\/08\/2-2-scaled-1-768x1365.jpg 768w, https:\/\/pare-kitchen.com\/wp-content\/uploads\/2024\/08\/2-2-scaled-1-864x1536.jpg 864w, https:\/\/pare-kitchen.com\/wp-content\/uploads\/2024\/08\/2-2-scaled-1-1152x2048.jpg 1152w, https:\/\/pare-kitchen.com\/wp-content\/uploads\/2024\/08\/2-2-scaled-1-7x12.jpg 7w, https:\/\/pare-kitchen.com\/wp-content\/uploads\/2024\/08\/2-2-scaled-1.jpg 1440w\" sizes=\"(max-width: 576px) 100vw, 576px\" \/>\t\t\t\t\t\t\t\t\t\t\t\t\t\t\t<\/div>\n\t\t\t\t<\/div>\n\t\t\t\t<\/div>\n\t\t\t\t\t<\/div>\n\t\t\t\t<\/div>\n\t\t\t\t<\/div>","protected":false},"excerpt":{"rendered":"<p>Welcher Grilltyp bist du Gasgrill Einbaugasgrills bieten eine elegante und praktische L\u00f6sung f\u00fcr Grillliebhaber, die ihre Au\u00dfenk\u00fcche oder ihren Grillbereich aufwerten m\u00f6chten. Diese Grills sind speziell daf\u00fcr konzipiert, in eine [&hellip;]<\/p>","protected":false},"author":1,"featured_media":0,"parent":0,"menu_order":0,"comment_status":"closed","ping_status":"closed","template":"","meta":{"footnotes":""},"class_list":["post-1614","page","type-page","status-publish","hentry"],"yoast_head":"<!-- This site is optimized with the Yoast SEO plugin v26.6 - https:\/\/yoast.com\/wordpress\/plugins\/seo\/ -->\n<title>bbqtype-gasgrill - PaR\u00e9 Kitchen<\/title>\n<meta name=\"robots\" content=\"index, follow, max-snippet:-1, max-image-preview:large, max-video-preview:-1\" \/>\n<link rel=\"canonical\" href=\"https:\/\/pare-kitchen.com\/en\/bbqtype-gasgrill\/\" \/>\n<meta property=\"og:locale\" content=\"en_US\" \/>\n<meta property=\"og:type\" content=\"article\" \/>\n<meta property=\"og:title\" content=\"bbqtype-gasgrill - PaR\u00e9 Kitchen\" \/>\n<meta property=\"og:description\" content=\"Welcher Grilltyp bist du Gasgrill Einbaugasgrills bieten eine elegante und praktische L\u00f6sung f\u00fcr Grillliebhaber, die ihre Au\u00dfenk\u00fcche oder ihren Grillbereich aufwerten m\u00f6chten. Diese Grills sind speziell daf\u00fcr konzipiert, in eine [&hellip;]\" \/>\n<meta property=\"og:url\" content=\"https:\/\/pare-kitchen.com\/en\/bbqtype-gasgrill\/\" \/>\n<meta property=\"og:site_name\" content=\"PaR\u00e9 Kitchen\" \/>\n<meta property=\"article:modified_time\" content=\"2024-08-21T08:52:45+00:00\" \/>\n<meta property=\"og:image\" content=\"https:\/\/pare-kitchen.com\/wp-content\/uploads\/2024\/08\/1-3-scaled-1-576x1024.jpg\" \/>\n<meta name=\"twitter:card\" content=\"summary_large_image\" \/>\n<meta name=\"twitter:label1\" content=\"Est. reading time\" \/>\n\t<meta name=\"twitter:data1\" content=\"2 minutes\" \/>\n<script type=\"application\/ld+json\" class=\"yoast-schema-graph\">{\"@context\":\"https:\/\/schema.org\",\"@graph\":[{\"@type\":\"WebPage\",\"@id\":\"https:\/\/pare-kitchen.com\/bbqtype-gasgrill\/\",\"url\":\"https:\/\/pare-kitchen.com\/bbqtype-gasgrill\/\",\"name\":\"bbqtype-gasgrill - PaR\u00e9 Kitchen\",\"isPartOf\":{\"@id\":\"https:\/\/pare-kitchen.com\/#website\"},\"primaryImageOfPage\":{\"@id\":\"https:\/\/pare-kitchen.com\/bbqtype-gasgrill\/#primaryimage\"},\"image\":{\"@id\":\"https:\/\/pare-kitchen.com\/bbqtype-gasgrill\/#primaryimage\"},\"thumbnailUrl\":\"https:\/\/pare-kitchen.com\/wp-content\/uploads\/2024\/08\/1-3-scaled-1-576x1024.jpg\",\"datePublished\":\"2024-08-21T08:44:14+00:00\",\"dateModified\":\"2024-08-21T08:52:45+00:00\",\"breadcrumb\":{\"@id\":\"https:\/\/pare-kitchen.com\/bbqtype-gasgrill\/#breadcrumb\"},\"inLanguage\":\"en-US\",\"potentialAction\":[{\"@type\":\"ReadAction\",\"target\":[\"https:\/\/pare-kitchen.com\/bbqtype-gasgrill\/\"]}]},{\"@type\":\"ImageObject\",\"inLanguage\":\"en-US\",\"@id\":\"https:\/\/pare-kitchen.com\/bbqtype-gasgrill\/#primaryimage\",\"url\":\"https:\/\/pare-kitchen.com\/wp-content\/uploads\/2024\/08\/1-3-scaled-1-576x1024.jpg\",\"contentUrl\":\"https:\/\/pare-kitchen.com\/wp-content\/uploads\/2024\/08\/1-3-scaled-1-576x1024.jpg\"},{\"@type\":\"BreadcrumbList\",\"@id\":\"https:\/\/pare-kitchen.com\/bbqtype-gasgrill\/#breadcrumb\",\"itemListElement\":[{\"@type\":\"ListItem\",\"position\":1,\"name\":\"Startseite\",\"item\":\"https:\/\/pare-kitchen.com\/\"},{\"@type\":\"ListItem\",\"position\":2,\"name\":\"bbqtype-gasgrill\"}]},{\"@type\":\"WebSite\",\"@id\":\"https:\/\/pare-kitchen.com\/#website\",\"url\":\"https:\/\/pare-kitchen.com\/\",\"name\":\"PaR\u00e9 Kitchen\",\"description\":\"Outdoork\u00fcchen f\u00fcr deinen Garten\",\"publisher\":{\"@id\":\"https:\/\/pare-kitchen.com\/#organization\"},\"potentialAction\":[{\"@type\":\"SearchAction\",\"target\":{\"@type\":\"EntryPoint\",\"urlTemplate\":\"https:\/\/pare-kitchen.com\/?s={search_term_string}\"},\"query-input\":{\"@type\":\"PropertyValueSpecification\",\"valueRequired\":true,\"valueName\":\"search_term_string\"}}],\"inLanguage\":\"en-US\"},{\"@type\":\"Organization\",\"@id\":\"https:\/\/pare-kitchen.com\/#organization\",\"name\":\"PaR\u00e9 Kitchen\",\"url\":\"https:\/\/pare-kitchen.com\/\",\"logo\":{\"@type\":\"ImageObject\",\"inLanguage\":\"en-US\",\"@id\":\"https:\/\/pare-kitchen.com\/#\/schema\/logo\/image\/\",\"url\":\"https:\/\/pare-kitchen.com\/wp-content\/uploads\/2024\/08\/PaRe-Kitchen-Logo-2.webp\",\"contentUrl\":\"https:\/\/pare-kitchen.com\/wp-content\/uploads\/2024\/08\/PaRe-Kitchen-Logo-2.webp\",\"width\":1982,\"height\":758,\"caption\":\"PaR\u00e9 Kitchen\"},\"image\":{\"@id\":\"https:\/\/pare-kitchen.com\/#\/schema\/logo\/image\/\"}}]}<\/script>\n<!-- \/ Yoast SEO plugin. -->","yoast_head_json":{"title":"bbqtype-gasgrill - PaR\u00e9 Kitchen","robots":{"index":"index","follow":"follow","max-snippet":"max-snippet:-1","max-image-preview":"max-image-preview:large","max-video-preview":"max-video-preview:-1"},"canonical":"https:\/\/pare-kitchen.com\/en\/bbqtype-gasgrill\/","og_locale":"en_US","og_type":"article","og_title":"bbqtype-gasgrill - PaR\u00e9 Kitchen","og_description":"Welcher Grilltyp bist du Gasgrill Einbaugasgrills bieten eine elegante und praktische L\u00f6sung f\u00fcr Grillliebhaber, die ihre Au\u00dfenk\u00fcche oder ihren Grillbereich aufwerten m\u00f6chten. Diese Grills sind speziell daf\u00fcr konzipiert, in eine [&hellip;]","og_url":"https:\/\/pare-kitchen.com\/en\/bbqtype-gasgrill\/","og_site_name":"PaR\u00e9 Kitchen","article_modified_time":"2024-08-21T08:52:45+00:00","og_image":[{"url":"https:\/\/pare-kitchen.com\/wp-content\/uploads\/2024\/08\/1-3-scaled-1-576x1024.jpg","type":"","width":"","height":""}],"twitter_card":"summary_large_image","twitter_misc":{"Est. reading time":"2 minutes"},"schema":{"@context":"https:\/\/schema.org","@graph":[{"@type":"WebPage","@id":"https:\/\/pare-kitchen.com\/bbqtype-gasgrill\/","url":"https:\/\/pare-kitchen.com\/bbqtype-gasgrill\/","name":"bbqtype-gasgrill - PaR\u00e9 Kitchen","isPartOf":{"@id":"https:\/\/pare-kitchen.com\/#website"},"primaryImageOfPage":{"@id":"https:\/\/pare-kitchen.com\/bbqtype-gasgrill\/#primaryimage"},"image":{"@id":"https:\/\/pare-kitchen.com\/bbqtype-gasgrill\/#primaryimage"},"thumbnailUrl":"https:\/\/pare-kitchen.com\/wp-content\/uploads\/2024\/08\/1-3-scaled-1-576x1024.jpg","datePublished":"2024-08-21T08:44:14+00:00","dateModified":"2024-08-21T08:52:45+00:00","breadcrumb":{"@id":"https:\/\/pare-kitchen.com\/bbqtype-gasgrill\/#breadcrumb"},"inLanguage":"en-US","potentialAction":[{"@type":"ReadAction","target":["https:\/\/pare-kitchen.com\/bbqtype-gasgrill\/"]}]},{"@type":"ImageObject","inLanguage":"en-US","@id":"https:\/\/pare-kitchen.com\/bbqtype-gasgrill\/#primaryimage","url":"https:\/\/pare-kitchen.com\/wp-content\/uploads\/2024\/08\/1-3-scaled-1-576x1024.jpg","contentUrl":"https:\/\/pare-kitchen.com\/wp-content\/uploads\/2024\/08\/1-3-scaled-1-576x1024.jpg"},{"@type":"BreadcrumbList","@id":"https:\/\/pare-kitchen.com\/bbqtype-gasgrill\/#breadcrumb","itemListElement":[{"@type":"ListItem","position":1,"name":"Startseite","item":"https:\/\/pare-kitchen.com\/"},{"@type":"ListItem","position":2,"name":"bbqtype-gasgrill"}]},{"@type":"WebSite","@id":"https:\/\/pare-kitchen.com\/#website","url":"https:\/\/pare-kitchen.com\/","name":"PaR\u00e9 Kitchen","description":"Outdoork\u00fcchen f\u00fcr deinen Garten","publisher":{"@id":"https:\/\/pare-kitchen.com\/#organization"},"potentialAction":[{"@type":"SearchAction","target":{"@type":"EntryPoint","urlTemplate":"https:\/\/pare-kitchen.com\/?s={search_term_string}"},"query-input":{"@type":"PropertyValueSpecification","valueRequired":true,"valueName":"search_term_string"}}],"inLanguage":"en-US"},{"@type":"Organization","@id":"https:\/\/pare-kitchen.com\/#organization","name":"PaR\u00e9 Kitchen","url":"https:\/\/pare-kitchen.com\/","logo":{"@type":"ImageObject","inLanguage":"en-US","@id":"https:\/\/pare-kitchen.com\/#\/schema\/logo\/image\/","url":"https:\/\/pare-kitchen.com\/wp-content\/uploads\/2024\/08\/PaRe-Kitchen-Logo-2.webp","contentUrl":"https:\/\/pare-kitchen.com\/wp-content\/uploads\/2024\/08\/PaRe-Kitchen-Logo-2.webp","width":1982,"height":758,"caption":"PaR\u00e9 Kitchen"},"image":{"@id":"https:\/\/pare-kitchen.com\/#\/schema\/logo\/image\/"}}]}},"_links":{"self":[{"href":"https:\/\/pare-kitchen.com\/en\/wp-json\/wp\/v2\/pages\/1614","targetHints":{"allow":["GET"]}}],"collection":[{"href":"https:\/\/pare-kitchen.com\/en\/wp-json\/wp\/v2\/pages"}],"about":[{"href":"https:\/\/pare-kitchen.com\/en\/wp-json\/wp\/v2\/types\/page"}],"author":[{"embeddable":true,"href":"https:\/\/pare-kitchen.com\/en\/wp-json\/wp\/v2\/users\/1"}],"replies":[{"embeddable":true,"href":"https:\/\/pare-kitchen.com\/en\/wp-json\/wp\/v2\/comments?post=1614"}],"version-history":[{"count":10,"href":"https:\/\/pare-kitchen.com\/en\/wp-json\/wp\/v2\/pages\/1614\/revisions"}],"predecessor-version":[{"id":1631,"href":"https:\/\/pare-kitchen.com\/en\/wp-json\/wp\/v2\/pages\/1614\/revisions\/1631"}],"wp:attachment":[{"href":"https:\/\/pare-kitchen.com\/en\/wp-json\/wp\/v2\/media?parent=1614"}],"curies":[{"name":"wp","href":"https:\/\/api.w.org\/{rel}","templated":true}]}}