{"id":2710,"date":"2026-04-18T06:40:21","date_gmt":"2026-04-18T06:40:21","guid":{"rendered":"https:\/\/pare-kitchen.com\/?page_id=2710"},"modified":"2026-04-18T06:41:53","modified_gmt":"2026-04-18T06:41:53","slug":"agbs","status":"publish","type":"page","link":"https:\/\/pare-kitchen.com\/en\/agbs\/","title":{"rendered":"AGB&#8217;s"},"content":{"rendered":"<div data-elementor-type=\"wp-page\" data-elementor-id=\"2710\" class=\"elementor elementor-2710\" data-elementor-post-type=\"page\">\n\t\t\t\t<div class=\"elementor-element elementor-element-977ebbc e-flex e-con-boxed e-con e-parent\" data-id=\"977ebbc\" data-element_type=\"container\">\n\t\t\t\t\t<div class=\"e-con-inner\">\n\t\t\t\t<div class=\"elementor-element elementor-element-d9ba49d elementor-widget elementor-widget-heading\" data-id=\"d9ba49d\" data-element_type=\"widget\" data-widget_type=\"heading.default\">\n\t\t\t\t<div class=\"elementor-widget-container\">\n\t\t\t\t\t<h2 class=\"elementor-heading-title elementor-size-default\">Allgemeine Gesch\u00e4ftsbedingungen<\/h2>\t\t\t\t<\/div>\n\t\t\t\t<\/div>\n\t\t\t\t<div class=\"elementor-element elementor-element-d89eb3f elementor-widget elementor-widget-text-editor\" data-id=\"d89eb3f\" data-element_type=\"widget\" data-widget_type=\"text-editor.default\">\n\t\t\t\t<div class=\"elementor-widget-container\">\n\t\t\t\t\t\t\t\t\t<p><strong>\u00a7 1 GELTUNGSBEREICH, FORM<\/strong><\/p><p>(1) Diese Allgemeinen Gesch\u00e4ftsbedingungen (AGB) gelten f\u00fcr s\u00e4mtliche Gesch\u00e4ftsbeziehungen mit unseren Kunden, sofern es sich hierbei um Unternehmer im Sinne von \u00a7 14 BGB (Deutschland) bzw. entsprechend nach luxemburgischem Recht um gewerblich handelnde Personen, juristische Personen des \u00f6ffentlichen Rechts oder \u00f6ffentlich-rechtliche Sonderverm\u00f6gen handelt.<\/p><p>(2) Die AGB finden insbesondere Anwendung auf Vertr\u00e4ge \u00fcber den Verkauf und\/oder die Lieferung beweglicher Sachen (\u201eWare\u201c), unabh\u00e4ngig davon, ob wir diese selbst herstellen oder von Zulieferern beziehen. Die entsprechenden Regelungen ergeben sich sowohl aus den Vorschriften des deutschen Rechts (\u00a7\u00a7 433, 651 BGB) als auch aus den einschl\u00e4gigen Bestimmungen des luxemburgischen Zivil- und Handelsrechts.<br \/>Sofern nichts Abweichendes vereinbart wurde, gelten diese AGB in der zum Zeitpunkt der Bestellung g\u00fcltigen bzw. der zuletzt in Textform mitgeteilten Fassung auch als Rahmenvereinbarung f\u00fcr zuk\u00fcnftige gleichartige Vertr\u00e4ge.<\/p><p>(3) Es gelten ausschlie\u00dflich unsere AGB. Abweichende, entgegenstehende oder erg\u00e4nzende Bedingungen des Kunden werden nur dann Vertragsbestandteil, wenn wir ihrer Geltung ausdr\u00fccklich zugestimmt haben. Dies gilt auch dann, wenn wir in Kenntnis abweichender Bedingungen die Lieferung vorbehaltlos ausf\u00fchren.<\/p><p>(4) Individuelle Vereinbarungen im Einzelfall (einschlie\u00dflich Nebenabreden, Erg\u00e4nzungen und \u00c4nderungen) haben Vorrang vor diesen AGB. Ma\u00dfgeblich ist insoweit ein schriftlicher Vertrag oder unsere schriftliche Best\u00e4tigung.<\/p><p>(5) Rechtserhebliche Erkl\u00e4rungen und Mitteilungen des K\u00e4ufers (z. B. Fristsetzungen, M\u00e4ngelanzeigen, R\u00fccktritt oder Minderung) sind in Textform (z. B. E-Mail oder schriftlich) abzugeben. Gesetzliche Formerfordernisse nach deutschem oder luxemburgischem Recht bleiben unber\u00fchrt.<\/p><p>(6) Verweise auf gesetzliche Vorschriften dienen ausschlie\u00dflich der Klarstellung. Es gelten sowohl die einschl\u00e4gigen Bestimmungen des deutschen als auch des luxemburgischen Rechts, soweit diese nicht ausdr\u00fccklich ausgeschlossen oder abge\u00e4ndert wurden.<\/p><p>\u00a0<\/p><p><b>\u00a7 2 VERTRAGSSCHLUSS<\/b><\/p><p>(1) Unsere Angebote sind freibleibend und unverbindlich. Dies gilt auch f\u00fcr s\u00e4mtliche Unterlagen wie Kataloge, technische Dokumentationen, Zeichnungen oder Kalkulationen, unabh\u00e4ngig von deren Form. An diesen behalten wir uns s\u00e4mtliche Eigentums- und Urheberrechte vor.<\/p><p>(2) Die Bestellung der Ware durch den K\u00e4ufer stellt ein verbindliches Vertragsangebot dar. Wir sind berechtigt, dieses innerhalb von zwei Wochen nach Zugang anzunehmen.<\/p><p>(3) Die Annahme erfolgt entweder durch:<\/p><p>schriftliche bzw. elektronische Auftragsbest\u00e4tigung oder<br \/>Auslieferung der Ware<\/p><p><b>\u00a7 3 LIEFERFRIST UND LIEFERVERZUG<\/b><\/p><p>(1) Lieferfristen werden individuell vereinbart oder bei Auftragsannahme angegeben. Sofern nichts anderes geregelt ist, betr\u00e4gt die Lieferzeit ca. vier Wochen ab Vertragsschluss.<\/p><p>(2) K\u00f6nnen wir Lieferfristen aus Gr\u00fcnden, die wir nicht zu vertreten haben (insbesondere aufgrund von Lieferengp\u00e4ssen oder h\u00f6herer Gewalt), nicht einhalten, informieren wir den K\u00e4ufer unverz\u00fcglich und teilen eine neue Lieferfrist mit.<br \/>Ist die Leistung dauerhaft nicht verf\u00fcgbar, sind wir zum R\u00fccktritt berechtigt. Bereits erbrachte Zahlungen werden erstattet. Dies gilt insbesondere bei nicht rechtzeitiger Selbstbelieferung durch Zulieferer.<\/p><p>(3) Im Falle eines Lieferverzugs kann der K\u00e4ufer \u2013 nach Ma\u00dfgabe der gesetzlichen Vorschriften des deutschen sowie luxemburgischen Rechts \u2013 Schadensersatz verlangen. Die pauschale Entsch\u00e4digung betr\u00e4gt 0,5 % des Nettopreises pro Woche, maximal 5 %.<\/p><p>(4) Gesetzliche Rechte beider Parteien bleiben unber\u00fchrt.<\/p><p>\u00a0<\/p><p><b>\u00a7 4 LIEFERUNG, GEFAHR\u00dcBERGANG, ANNAHMEVERZUG<\/b><\/p><p>(1) Erf\u00fcllungsort ist unser Gesch\u00e4ftssitz in Luxemburg. Lieferungen erfolgen auf Wunsch des K\u00e4ufers an einen anderen Ort.<\/p><p>(2) Die Gefahr geht sp\u00e4testens mit \u00dcbergabe der Ware auf den K\u00e4ufer \u00fcber. Beim Versand erfolgt der Gefahr\u00fcbergang bereits mit \u00dcbergabe an den Transportdienstleister.<\/p><p>(3) Bei Annahmeverzug oder Verletzung von Mitwirkungspflichten sind wir berechtigt, Schadenersatz zu verlangen. Die Pauschale betr\u00e4gt 0,5 % pro Woche, maximal 5 %.<\/p><p>\u00a0<\/p><p><b>\u00a7 5 PREISE, ZAHLUNG<\/b><\/p><p>(1) Es gelten unsere zum Zeitpunkt des Vertragsschlusses g\u00fcltigen Preise zuz\u00fcglich gesetzlicher Umsatzsteuer (Luxemburg derzeit 17 % bzw. je nach Leistungsort).<\/p><p>(2) Der Kaufpreis ist innerhalb von 14 Tagen nach Rechnungsstellung f\u00e4llig. Wir behalten uns vor, Lieferungen nur gegen Vorkasse auszuf\u00fchren.<\/p><p>(3) Bei Zahlungsverzug gelten die gesetzlichen Verzugsregelungen nach deutschem und luxemburgischem Recht.<\/p><p>(4) Aufrechnung ist nur bei unbestrittenen Forderungen zul\u00e4ssig.<\/p><p>(5) Bei wirtschaftlichen Risiken behalten wir uns den R\u00fccktritt vor.<\/p><p>\u00a0<\/p><p><b>\u00a7 6 EIGENTUMSVORBEHALT<\/b><\/p><p>(1) Die Ware bleibt bis zur vollst\u00e4ndigen Bezahlung aller Forderungen unser Eigentum.<\/p><p>(2) Der K\u00e4ufer darf die Ware weder verpf\u00e4nden noch zur Sicherheit \u00fcbereignen.<\/p><p>(3) Bei Zahlungsverzug sind wir zur R\u00fccknahme berechtigt.<\/p><p>(4) Weiterverarbeitung und Weiterverkauf erfolgen unter erweitertem Eigentumsvorbehalt; Forderungen werden an uns abgetreten.<\/p><p>\u00a0<\/p><p><b>\u00a7 7 M\u00c4NGELANSPR\u00dcCHE<\/b><\/p><p>(1) Es gelten die gesetzlichen Vorschriften des deutschen sowie luxemburgischen Rechts.<\/p><p>(2) Der K\u00e4ufer ist verpflichtet, die Ware unverz\u00fcglich zu pr\u00fcfen und M\u00e4ngel anzuzeigen.<\/p><p>(3) Nacherf\u00fcllung erfolgt nach unserer Wahl.<\/p><p>(4) R\u00fccktritt ist nur bei wesentlichen M\u00e4ngeln m\u00f6glich.<\/p><p>\u00a0<\/p><p><b>\u00a7 8 HAFTUNG<\/b><\/p><p>(1) Wir haften nach den gesetzlichen Vorschriften.<\/p><p>(2) Bei einfacher Fahrl\u00e4ssigkeit haften wir nur bei Verletzung wesentlicher Vertragspflichten und beschr\u00e4nkt auf den typischen Schaden.<\/p><p>\u00a0<\/p><p><b>\u00a7 9 VERJ\u00c4HRUNG<\/b><\/p><p>(1) Die Verj\u00e4hrungsfrist f\u00fcr M\u00e4ngel betr\u00e4gt grunds\u00e4tzlich ein Jahr, soweit gesetzlich zul\u00e4ssig.<\/p><p>(2) Sonderregelungen (z. B. Bauwerke oder Produkthaftung) bleiben unber\u00fchrt.<\/p><p>\u00a0<\/p><p><b>\u00a7 10 RECHTSWAHL UND GERICHTSSTAND<\/b><\/p><p>(1) F\u00fcr s\u00e4mtliche Vertragsbeziehungen gilt vorrangig das Recht des Gro\u00dfherzogtums Luxemburg. Erg\u00e4nzend kann deutsches Recht Anwendung finden, soweit dies vertraglich vereinbart oder sachlich einschl\u00e4gig ist. Das UN-Kaufrecht wird ausgeschlossen.<\/p><p>(2) Gerichtsstand f\u00fcr alle Streitigkeiten ist \u2013 soweit gesetzlich zul\u00e4ssig \u2013 der Sitz unseres Unternehmens in Luxemburg.<\/p><p>\u00a0<\/p>\t\t\t\t\t\t\t\t<\/div>\n\t\t\t\t<\/div>\n\t\t\t\t\t<\/div>\n\t\t\t\t<\/div>\n\t\t\t\t<\/div>","protected":false},"excerpt":{"rendered":"<p>Allgemeine Gesch\u00e4ftsbedingungen \u00a7 1 GELTUNGSBEREICH, FORM (1) Diese Allgemeinen Gesch\u00e4ftsbedingungen (AGB) gelten f\u00fcr s\u00e4mtliche Gesch\u00e4ftsbeziehungen mit unseren Kunden, sofern es sich hierbei um Unternehmer im Sinne von \u00a7 14 BGB [&hellip;]<\/p>","protected":false},"author":1,"featured_media":0,"parent":0,"menu_order":0,"comment_status":"closed","ping_status":"closed","template":"","meta":{"footnotes":""},"class_list":["post-2710","page","type-page","status-publish","hentry"],"yoast_head":"<!-- This site is optimized with the Yoast SEO plugin v26.6 - https:\/\/yoast.com\/wordpress\/plugins\/seo\/ -->\n<title>AGB&#039;s - PaR\u00e9 Kitchen<\/title>\n<meta name=\"robots\" content=\"index, follow, max-snippet:-1, max-image-preview:large, max-video-preview:-1\" \/>\n<link rel=\"canonical\" href=\"https:\/\/pare-kitchen.com\/en\/agbs\/\" \/>\n<meta property=\"og:locale\" content=\"en_US\" \/>\n<meta property=\"og:type\" content=\"article\" \/>\n<meta property=\"og:title\" content=\"AGB&#039;s - PaR\u00e9 Kitchen\" \/>\n<meta property=\"og:description\" content=\"Allgemeine Gesch\u00e4ftsbedingungen \u00a7 1 GELTUNGSBEREICH, FORM (1) Diese Allgemeinen Gesch\u00e4ftsbedingungen (AGB) gelten f\u00fcr s\u00e4mtliche Gesch\u00e4ftsbeziehungen mit unseren Kunden, sofern es sich hierbei um Unternehmer im Sinne von \u00a7 14 BGB [&hellip;]\" \/>\n<meta property=\"og:url\" content=\"https:\/\/pare-kitchen.com\/en\/agbs\/\" \/>\n<meta property=\"og:site_name\" content=\"PaR\u00e9 Kitchen\" \/>\n<meta property=\"article:modified_time\" content=\"2026-04-18T06:41:53+00:00\" \/>\n<meta name=\"twitter:card\" content=\"summary_large_image\" \/>\n<meta name=\"twitter:label1\" content=\"Est. reading time\" \/>\n\t<meta name=\"twitter:data1\" content=\"5 minutes\" \/>\n<script type=\"application\/ld+json\" class=\"yoast-schema-graph\">{\"@context\":\"https:\/\/schema.org\",\"@graph\":[{\"@type\":\"WebPage\",\"@id\":\"https:\/\/pare-kitchen.com\/agbs\/\",\"url\":\"https:\/\/pare-kitchen.com\/agbs\/\",\"name\":\"AGB's - PaR\u00e9 Kitchen\",\"isPartOf\":{\"@id\":\"https:\/\/pare-kitchen.com\/#website\"},\"datePublished\":\"2026-04-18T06:40:21+00:00\",\"dateModified\":\"2026-04-18T06:41:53+00:00\",\"breadcrumb\":{\"@id\":\"https:\/\/pare-kitchen.com\/agbs\/#breadcrumb\"},\"inLanguage\":\"en-US\",\"potentialAction\":[{\"@type\":\"ReadAction\",\"target\":[\"https:\/\/pare-kitchen.com\/agbs\/\"]}]},{\"@type\":\"BreadcrumbList\",\"@id\":\"https:\/\/pare-kitchen.com\/agbs\/#breadcrumb\",\"itemListElement\":[{\"@type\":\"ListItem\",\"position\":1,\"name\":\"Startseite\",\"item\":\"https:\/\/pare-kitchen.com\/\"},{\"@type\":\"ListItem\",\"position\":2,\"name\":\"AGB&#8217;s\"}]},{\"@type\":\"WebSite\",\"@id\":\"https:\/\/pare-kitchen.com\/#website\",\"url\":\"https:\/\/pare-kitchen.com\/\",\"name\":\"PaR\u00e9 Kitchen\",\"description\":\"Outdoork\u00fcchen f\u00fcr deinen Garten\",\"publisher\":{\"@id\":\"https:\/\/pare-kitchen.com\/#organization\"},\"potentialAction\":[{\"@type\":\"SearchAction\",\"target\":{\"@type\":\"EntryPoint\",\"urlTemplate\":\"https:\/\/pare-kitchen.com\/?s={search_term_string}\"},\"query-input\":{\"@type\":\"PropertyValueSpecification\",\"valueRequired\":true,\"valueName\":\"search_term_string\"}}],\"inLanguage\":\"en-US\"},{\"@type\":\"Organization\",\"@id\":\"https:\/\/pare-kitchen.com\/#organization\",\"name\":\"PaR\u00e9 Kitchen\",\"url\":\"https:\/\/pare-kitchen.com\/\",\"logo\":{\"@type\":\"ImageObject\",\"inLanguage\":\"en-US\",\"@id\":\"https:\/\/pare-kitchen.com\/#\/schema\/logo\/image\/\",\"url\":\"https:\/\/pare-kitchen.com\/wp-content\/uploads\/2024\/08\/PaRe-Kitchen-Logo-2.webp\",\"contentUrl\":\"https:\/\/pare-kitchen.com\/wp-content\/uploads\/2024\/08\/PaRe-Kitchen-Logo-2.webp\",\"width\":1982,\"height\":758,\"caption\":\"PaR\u00e9 Kitchen\"},\"image\":{\"@id\":\"https:\/\/pare-kitchen.com\/#\/schema\/logo\/image\/\"}}]}<\/script>\n<!-- \/ Yoast SEO plugin. -->","yoast_head_json":{"title":"AGB's - PaR\u00e9 Kitchen","robots":{"index":"index","follow":"follow","max-snippet":"max-snippet:-1","max-image-preview":"max-image-preview:large","max-video-preview":"max-video-preview:-1"},"canonical":"https:\/\/pare-kitchen.com\/en\/agbs\/","og_locale":"en_US","og_type":"article","og_title":"AGB's - PaR\u00e9 Kitchen","og_description":"Allgemeine Gesch\u00e4ftsbedingungen \u00a7 1 GELTUNGSBEREICH, FORM (1) Diese Allgemeinen Gesch\u00e4ftsbedingungen (AGB) gelten f\u00fcr s\u00e4mtliche Gesch\u00e4ftsbeziehungen mit unseren Kunden, sofern es sich hierbei um Unternehmer im Sinne von \u00a7 14 BGB [&hellip;]","og_url":"https:\/\/pare-kitchen.com\/en\/agbs\/","og_site_name":"PaR\u00e9 Kitchen","article_modified_time":"2026-04-18T06:41:53+00:00","twitter_card":"summary_large_image","twitter_misc":{"Est. reading time":"5 minutes"},"schema":{"@context":"https:\/\/schema.org","@graph":[{"@type":"WebPage","@id":"https:\/\/pare-kitchen.com\/agbs\/","url":"https:\/\/pare-kitchen.com\/agbs\/","name":"AGB's - PaR\u00e9 Kitchen","isPartOf":{"@id":"https:\/\/pare-kitchen.com\/#website"},"datePublished":"2026-04-18T06:40:21+00:00","dateModified":"2026-04-18T06:41:53+00:00","breadcrumb":{"@id":"https:\/\/pare-kitchen.com\/agbs\/#breadcrumb"},"inLanguage":"en-US","potentialAction":[{"@type":"ReadAction","target":["https:\/\/pare-kitchen.com\/agbs\/"]}]},{"@type":"BreadcrumbList","@id":"https:\/\/pare-kitchen.com\/agbs\/#breadcrumb","itemListElement":[{"@type":"ListItem","position":1,"name":"Startseite","item":"https:\/\/pare-kitchen.com\/"},{"@type":"ListItem","position":2,"name":"AGB&#8217;s"}]},{"@type":"WebSite","@id":"https:\/\/pare-kitchen.com\/#website","url":"https:\/\/pare-kitchen.com\/","name":"PaR\u00e9 Kitchen","description":"Outdoork\u00fcchen f\u00fcr deinen Garten","publisher":{"@id":"https:\/\/pare-kitchen.com\/#organization"},"potentialAction":[{"@type":"SearchAction","target":{"@type":"EntryPoint","urlTemplate":"https:\/\/pare-kitchen.com\/?s={search_term_string}"},"query-input":{"@type":"PropertyValueSpecification","valueRequired":true,"valueName":"search_term_string"}}],"inLanguage":"en-US"},{"@type":"Organization","@id":"https:\/\/pare-kitchen.com\/#organization","name":"PaR\u00e9 Kitchen","url":"https:\/\/pare-kitchen.com\/","logo":{"@type":"ImageObject","inLanguage":"en-US","@id":"https:\/\/pare-kitchen.com\/#\/schema\/logo\/image\/","url":"https:\/\/pare-kitchen.com\/wp-content\/uploads\/2024\/08\/PaRe-Kitchen-Logo-2.webp","contentUrl":"https:\/\/pare-kitchen.com\/wp-content\/uploads\/2024\/08\/PaRe-Kitchen-Logo-2.webp","width":1982,"height":758,"caption":"PaR\u00e9 Kitchen"},"image":{"@id":"https:\/\/pare-kitchen.com\/#\/schema\/logo\/image\/"}}]}},"_links":{"self":[{"href":"https:\/\/pare-kitchen.com\/en\/wp-json\/wp\/v2\/pages\/2710","targetHints":{"allow":["GET"]}}],"collection":[{"href":"https:\/\/pare-kitchen.com\/en\/wp-json\/wp\/v2\/pages"}],"about":[{"href":"https:\/\/pare-kitchen.com\/en\/wp-json\/wp\/v2\/types\/page"}],"author":[{"embeddable":true,"href":"https:\/\/pare-kitchen.com\/en\/wp-json\/wp\/v2\/users\/1"}],"replies":[{"embeddable":true,"href":"https:\/\/pare-kitchen.com\/en\/wp-json\/wp\/v2\/comments?post=2710"}],"version-history":[{"count":7,"href":"https:\/\/pare-kitchen.com\/en\/wp-json\/wp\/v2\/pages\/2710\/revisions"}],"predecessor-version":[{"id":2717,"href":"https:\/\/pare-kitchen.com\/en\/wp-json\/wp\/v2\/pages\/2710\/revisions\/2717"}],"wp:attachment":[{"href":"https:\/\/pare-kitchen.com\/en\/wp-json\/wp\/v2\/media?parent=2710"}],"curies":[{"name":"wp","href":"https:\/\/api.w.org\/{rel}","templated":true}]}}