{"id":474,"date":"2024-08-13T14:15:45","date_gmt":"2024-08-13T14:15:45","guid":{"rendered":"https:\/\/pare-kitchen.com\/?page_id=474"},"modified":"2025-04-19T19:30:24","modified_gmt":"2025-04-19T19:30:24","slug":"impressum","status":"publish","type":"page","link":"https:\/\/pare-kitchen.com\/en\/impressum\/","title":{"rendered":"Imprint"},"content":{"rendered":"<div data-elementor-type=\"wp-page\" data-elementor-id=\"474\" class=\"elementor elementor-474\" data-elementor-post-type=\"page\">\n\t\t\t\t<div class=\"elementor-element elementor-element-977ebbc e-flex e-con-boxed e-con e-parent\" data-id=\"977ebbc\" data-element_type=\"container\">\n\t\t\t\t\t<div class=\"e-con-inner\">\n\t\t\t\t<div class=\"elementor-element elementor-element-d9ba49d elementor-widget elementor-widget-heading\" data-id=\"d9ba49d\" data-element_type=\"widget\" data-widget_type=\"heading.default\">\n\t\t\t\t<div class=\"elementor-widget-container\">\n\t\t\t\t\t<h2 class=\"elementor-heading-title elementor-size-default\">Imprint<\/h2>\t\t\t\t<\/div>\n\t\t\t\t<\/div>\n\t\t\t\t<div class=\"elementor-element elementor-element-d89eb3f elementor-widget elementor-widget-text-editor\" data-id=\"d89eb3f\" data-element_type=\"widget\" data-widget_type=\"text-editor.default\">\n\t\t\t\t<div class=\"elementor-widget-container\">\n\t\t\t\t\t\t\t\t\tFranz M\u00fcller GmbH<br>St. Vither Stra\u00dfe 70<br>54595 Pr\u00fcm\/Niederpr\u00fcm<br>Deutschland\n\u200b<br><br>\nTelefon: 0 65 51 &#8211; 9 54 00 <br>Fax: 0 65 51 &#8211; 95 40 30<br>E-Mail: info@franzmueller-pruem.de<br><br>\nGesch\u00e4ftsf\u00fchrer: Patrick &amp; Ren\u00e9 M\u00fcller<br>\nHandelsregister: Registergericht Wittlich, HRB 31805<br>Umsatzsteuer-Identifikationsnummer: DE 161079283<br><br>\nDie Europ\u00e4ische Kommission stellt eine Plattform zur Online-Streitbeilegung (OS) bereit, die Sie hier finden: https:\/\/ec.europa.eu\/consumers\/odr\/. Wir sind bereit, an einem au\u00dfergerichtlichen Schlichtungsverfahren vor einer Verbraucherschlichtungsstelle teilzunehmen. Zust\u00e4ndig ist die Allgemeine Verbraucherschlichtungsstelle des Zentrums f\u00fcr Schlichtung e.V., Stra\u00dfburger Stra\u00dfe 8, 77694 Kehl am Rhein, www.verbraucher-schlichter.de. <br><br>Impressum durch Trusted Shops in Kooperation mit Wilde Beuger Solmecke Rechtsanw\u00e4lte Bildnachweise:\n\u200b<br>\nFotos von PaR\u00e9 Kitchen &#8222;Our Kitchen&#8220; -Gallerie:\n\u00a9 by JAMEDIA | Content Marketing | Videografie Jonas Arens | Eifelstra\u00dfe 15a | 54516 Wittlich | Deutschland\n\u200b\nFotos Events:\n\u00a9 by bildgewalt Medienproduktion (Sebastian Philippe Br\u00fcggemann)\n\u200b\nKeramisches Grillen:\n\u00a9 by Monolith\t\t\t\t\t\t\t\t<\/div>\n\t\t\t\t<\/div>\n\t\t\t\t\t<\/div>\n\t\t\t\t<\/div>\n\t\t\t\t<\/div>","protected":false},"excerpt":{"rendered":"<p>Impressum Franz M\u00fcller GmbHSt. Vither Stra\u00dfe 7054595 Pr\u00fcm\/Niederpr\u00fcmDeutschland \u200b Telefon: 0 65 51 &#8211; 9 54 00 Fax: 0 65 51 &#8211; 95 40 30E-Mail: info@franzmueller-pruem.de Gesch\u00e4ftsf\u00fchrer: Patrick &amp; Ren\u00e9 [&hellip;]<\/p>","protected":false},"author":1,"featured_media":0,"parent":0,"menu_order":0,"comment_status":"closed","ping_status":"closed","template":"","meta":{"footnotes":""},"class_list":["post-474","page","type-page","status-publish","hentry"],"yoast_head":"<!-- This site is optimized with the Yoast SEO plugin v26.6 - https:\/\/yoast.com\/wordpress\/plugins\/seo\/ -->\n<title>Impressum - PaR\u00e9 Kitchen<\/title>\n<meta name=\"robots\" content=\"index, follow, max-snippet:-1, max-image-preview:large, max-video-preview:-1\" \/>\n<link rel=\"canonical\" href=\"https:\/\/pare-kitchen.com\/en\/impressum\/\" \/>\n<meta property=\"og:locale\" content=\"en_US\" \/>\n<meta property=\"og:type\" content=\"article\" \/>\n<meta property=\"og:title\" content=\"Impressum - PaR\u00e9 Kitchen\" \/>\n<meta property=\"og:description\" content=\"Impressum Franz M\u00fcller GmbHSt. Vither Stra\u00dfe 7054595 Pr\u00fcm\/Niederpr\u00fcmDeutschland \u200b Telefon: 0 65 51 &#8211; 9 54 00 Fax: 0 65 51 &#8211; 95 40 30E-Mail: info@franzmueller-pruem.de Gesch\u00e4ftsf\u00fchrer: Patrick &amp; Ren\u00e9 [&hellip;]\" \/>\n<meta property=\"og:url\" content=\"https:\/\/pare-kitchen.com\/en\/impressum\/\" \/>\n<meta property=\"og:site_name\" content=\"PaR\u00e9 Kitchen\" \/>\n<meta property=\"article:modified_time\" content=\"2025-04-19T19:30:24+00:00\" \/>\n<meta name=\"twitter:card\" content=\"summary_large_image\" \/>\n<meta name=\"twitter:label1\" content=\"Est. reading time\" \/>\n\t<meta name=\"twitter:data1\" content=\"1 minute\" \/>\n<script type=\"application\/ld+json\" class=\"yoast-schema-graph\">{\"@context\":\"https:\/\/schema.org\",\"@graph\":[{\"@type\":\"WebPage\",\"@id\":\"https:\/\/pare-kitchen.com\/impressum\/\",\"url\":\"https:\/\/pare-kitchen.com\/impressum\/\",\"name\":\"Impressum - PaR\u00e9 Kitchen\",\"isPartOf\":{\"@id\":\"https:\/\/pare-kitchen.com\/#website\"},\"datePublished\":\"2024-08-13T14:15:45+00:00\",\"dateModified\":\"2025-04-19T19:30:24+00:00\",\"breadcrumb\":{\"@id\":\"https:\/\/pare-kitchen.com\/impressum\/#breadcrumb\"},\"inLanguage\":\"en-US\",\"potentialAction\":[{\"@type\":\"ReadAction\",\"target\":[\"https:\/\/pare-kitchen.com\/impressum\/\"]}]},{\"@type\":\"BreadcrumbList\",\"@id\":\"https:\/\/pare-kitchen.com\/impressum\/#breadcrumb\",\"itemListElement\":[{\"@type\":\"ListItem\",\"position\":1,\"name\":\"Startseite\",\"item\":\"https:\/\/pare-kitchen.com\/\"},{\"@type\":\"ListItem\",\"position\":2,\"name\":\"Impressum\"}]},{\"@type\":\"WebSite\",\"@id\":\"https:\/\/pare-kitchen.com\/#website\",\"url\":\"https:\/\/pare-kitchen.com\/\",\"name\":\"PaR\u00e9 Kitchen\",\"description\":\"Outdoork\u00fcchen f\u00fcr deinen Garten\",\"publisher\":{\"@id\":\"https:\/\/pare-kitchen.com\/#organization\"},\"potentialAction\":[{\"@type\":\"SearchAction\",\"target\":{\"@type\":\"EntryPoint\",\"urlTemplate\":\"https:\/\/pare-kitchen.com\/?s={search_term_string}\"},\"query-input\":{\"@type\":\"PropertyValueSpecification\",\"valueRequired\":true,\"valueName\":\"search_term_string\"}}],\"inLanguage\":\"en-US\"},{\"@type\":\"Organization\",\"@id\":\"https:\/\/pare-kitchen.com\/#organization\",\"name\":\"PaR\u00e9 Kitchen\",\"url\":\"https:\/\/pare-kitchen.com\/\",\"logo\":{\"@type\":\"ImageObject\",\"inLanguage\":\"en-US\",\"@id\":\"https:\/\/pare-kitchen.com\/#\/schema\/logo\/image\/\",\"url\":\"https:\/\/pare-kitchen.com\/wp-content\/uploads\/2024\/08\/PaRe-Kitchen-Logo-2.webp\",\"contentUrl\":\"https:\/\/pare-kitchen.com\/wp-content\/uploads\/2024\/08\/PaRe-Kitchen-Logo-2.webp\",\"width\":1982,\"height\":758,\"caption\":\"PaR\u00e9 Kitchen\"},\"image\":{\"@id\":\"https:\/\/pare-kitchen.com\/#\/schema\/logo\/image\/\"}}]}<\/script>\n<!-- \/ Yoast SEO plugin. -->","yoast_head_json":{"title":"Impressum - PaR\u00e9 Kitchen","robots":{"index":"index","follow":"follow","max-snippet":"max-snippet:-1","max-image-preview":"max-image-preview:large","max-video-preview":"max-video-preview:-1"},"canonical":"https:\/\/pare-kitchen.com\/en\/impressum\/","og_locale":"en_US","og_type":"article","og_title":"Impressum - PaR\u00e9 Kitchen","og_description":"Impressum Franz M\u00fcller GmbHSt. Vither Stra\u00dfe 7054595 Pr\u00fcm\/Niederpr\u00fcmDeutschland \u200b Telefon: 0 65 51 &#8211; 9 54 00 Fax: 0 65 51 &#8211; 95 40 30E-Mail: info@franzmueller-pruem.de Gesch\u00e4ftsf\u00fchrer: Patrick &amp; Ren\u00e9 [&hellip;]","og_url":"https:\/\/pare-kitchen.com\/en\/impressum\/","og_site_name":"PaR\u00e9 Kitchen","article_modified_time":"2025-04-19T19:30:24+00:00","twitter_card":"summary_large_image","twitter_misc":{"Est. reading time":"1 minute"},"schema":{"@context":"https:\/\/schema.org","@graph":[{"@type":"WebPage","@id":"https:\/\/pare-kitchen.com\/impressum\/","url":"https:\/\/pare-kitchen.com\/impressum\/","name":"Impressum - PaR\u00e9 Kitchen","isPartOf":{"@id":"https:\/\/pare-kitchen.com\/#website"},"datePublished":"2024-08-13T14:15:45+00:00","dateModified":"2025-04-19T19:30:24+00:00","breadcrumb":{"@id":"https:\/\/pare-kitchen.com\/impressum\/#breadcrumb"},"inLanguage":"en-US","potentialAction":[{"@type":"ReadAction","target":["https:\/\/pare-kitchen.com\/impressum\/"]}]},{"@type":"BreadcrumbList","@id":"https:\/\/pare-kitchen.com\/impressum\/#breadcrumb","itemListElement":[{"@type":"ListItem","position":1,"name":"Startseite","item":"https:\/\/pare-kitchen.com\/"},{"@type":"ListItem","position":2,"name":"Impressum"}]},{"@type":"WebSite","@id":"https:\/\/pare-kitchen.com\/#website","url":"https:\/\/pare-kitchen.com\/","name":"PaR\u00e9 Kitchen","description":"Outdoork\u00fcchen f\u00fcr deinen Garten","publisher":{"@id":"https:\/\/pare-kitchen.com\/#organization"},"potentialAction":[{"@type":"SearchAction","target":{"@type":"EntryPoint","urlTemplate":"https:\/\/pare-kitchen.com\/?s={search_term_string}"},"query-input":{"@type":"PropertyValueSpecification","valueRequired":true,"valueName":"search_term_string"}}],"inLanguage":"en-US"},{"@type":"Organization","@id":"https:\/\/pare-kitchen.com\/#organization","name":"PaR\u00e9 Kitchen","url":"https:\/\/pare-kitchen.com\/","logo":{"@type":"ImageObject","inLanguage":"en-US","@id":"https:\/\/pare-kitchen.com\/#\/schema\/logo\/image\/","url":"https:\/\/pare-kitchen.com\/wp-content\/uploads\/2024\/08\/PaRe-Kitchen-Logo-2.webp","contentUrl":"https:\/\/pare-kitchen.com\/wp-content\/uploads\/2024\/08\/PaRe-Kitchen-Logo-2.webp","width":1982,"height":758,"caption":"PaR\u00e9 Kitchen"},"image":{"@id":"https:\/\/pare-kitchen.com\/#\/schema\/logo\/image\/"}}]}},"_links":{"self":[{"href":"https:\/\/pare-kitchen.com\/en\/wp-json\/wp\/v2\/pages\/474","targetHints":{"allow":["GET"]}}],"collection":[{"href":"https:\/\/pare-kitchen.com\/en\/wp-json\/wp\/v2\/pages"}],"about":[{"href":"https:\/\/pare-kitchen.com\/en\/wp-json\/wp\/v2\/types\/page"}],"author":[{"embeddable":true,"href":"https:\/\/pare-kitchen.com\/en\/wp-json\/wp\/v2\/users\/1"}],"replies":[{"embeddable":true,"href":"https:\/\/pare-kitchen.com\/en\/wp-json\/wp\/v2\/comments?post=474"}],"version-history":[{"count":13,"href":"https:\/\/pare-kitchen.com\/en\/wp-json\/wp\/v2\/pages\/474\/revisions"}],"predecessor-version":[{"id":2235,"href":"https:\/\/pare-kitchen.com\/en\/wp-json\/wp\/v2\/pages\/474\/revisions\/2235"}],"wp:attachment":[{"href":"https:\/\/pare-kitchen.com\/en\/wp-json\/wp\/v2\/media?parent=474"}],"curies":[{"name":"wp","href":"https:\/\/api.w.org\/{rel}","templated":true}]}}